{"id":2417,"date":"2025-12-26T04:08:24","date_gmt":"2025-12-26T04:08:24","guid":{"rendered":"https:\/\/longjiagroup.com\/?page_id=2417"},"modified":"2025-12-29T06:23:51","modified_gmt":"2025-12-29T06:23:51","slug":"longjia-china-stone-supply-business-and-factory-overview","status":"publish","type":"page","link":"https:\/\/longjiagroup.com\/cs\/longjia-china-stone-supply-business-and-factory-overview\/","title":{"rendered":"Longjia-\u010c\u00edna k\u00e1men dod\u00e1vky podnik\u00e1n\u00ed a tov\u00e1rn\u00ed p\u0159ehled"},"content":{"rendered":"<div data-elementor-type=\"wp-page\" data-elementor-id=\"2417\" class=\"elementor elementor-2417\" data-elementor-post-type=\"page\">\n\t\t\t\t<div data-particle_enable=\"false\" data-particle-mobile-disabled=\"false\" class=\"elementor-element elementor-element-71e419d e-flex e-con-boxed e-con e-parent\" data-id=\"71e419d\" data-element_type=\"container\" data-settings=\"{&quot;ekit_has_onepagescroll_dot&quot;:&quot;yes&quot;}\">\n\t\t\t\t\t<div class=\"e-con-inner\">\n\t\t\t\t<div class=\"elementor-element elementor-element-5cfd0bd elementor-widget elementor-widget-eael-breadcrumbs\" data-id=\"5cfd0bd\" data-element_type=\"widget\" data-settings=\"{&quot;ekit_we_effect_on&quot;:&quot;none&quot;}\" data-widget_type=\"eael-breadcrumbs.default\">\n\t\t\t\t<div class=\"elementor-widget-container\">\n\t\t\t\t\t\t\t<div class=\"eael-breadcrumbs\">\n\t\t\t<div class=\"eael-breadcrumbs__content\"><a href=\"https:\/\/longjiagroup.com\/cs\">Dom\u016f<\/a> <span class=\"eael-breadcrumb-separator\">\/<\/span> <span class = \"eael-current\">Str\u00e1nka<\/span><\/div>\t\t<\/div>\n\t\t\t\t\t\t<\/div>\n\t\t\t\t<\/div>\n\t\t\t\t\t<\/div>\n\t\t\t\t<\/div>\n\t\t<div data-particle_enable=\"false\" data-particle-mobile-disabled=\"false\" class=\"elementor-element elementor-element-9079190 e-flex e-con-boxed e-con e-parent\" data-id=\"9079190\" data-element_type=\"container\" data-settings=\"{&quot;ekit_has_onepagescroll_dot&quot;:&quot;yes&quot;}\">\n\t\t\t\t\t<div class=\"e-con-inner\">\n\t\t\t\t<div class=\"elementor-element elementor-element-a8d7469 elementor-widget elementor-widget-heading\" data-id=\"a8d7469\" data-element_type=\"widget\" data-settings=\"{&quot;ekit_we_effect_on&quot;:&quot;none&quot;}\" data-widget_type=\"heading.default\">\n\t\t\t\t\t<h3 class=\"elementor-heading-title elementor-size-default\">Longjia-\u010c\u00edna k\u00e1men dod\u00e1vky podnik\u00e1n\u00ed a tov\u00e1rn\u00ed p\u0159ehled<\/h3>\t\t\t\t<\/div>\n\t\t\t\t\t<\/div>\n\t\t\t\t<\/div>\n\t\t<div data-particle_enable=\"false\" data-particle-mobile-disabled=\"false\" class=\"elementor-element elementor-element-cebae51 e-flex e-con-boxed e-con e-parent\" data-id=\"cebae51\" data-element_type=\"container\" data-settings=\"{&quot;ekit_has_onepagescroll_dot&quot;:&quot;yes&quot;}\">\n\t\t\t\t\t<div class=\"e-con-inner\">\n\t\t\t\t<div class=\"elementor-element elementor-element-28990c8 elementor-widget-divider--view-line elementor-widget elementor-widget-divider\" data-id=\"28990c8\" data-element_type=\"widget\" data-settings=\"{&quot;ekit_we_effect_on&quot;:&quot;none&quot;}\" data-widget_type=\"divider.default\">\n\t\t\t\t\t\t\t<div class=\"elementor-divider\">\n\t\t\t<span class=\"elementor-divider-separator\">\n\t\t\t\t\t\t<\/span>\n\t\t<\/div>\n\t\t\t\t\t\t<\/div>\n\t\t\t\t\t<\/div>\n\t\t\t\t<\/div>\n\t\t<div data-particle_enable=\"false\" data-particle-mobile-disabled=\"false\" class=\"elementor-element elementor-element-0ba89b3 e-flex e-con-boxed e-con e-parent\" data-id=\"0ba89b3\" data-element_type=\"container\" data-settings=\"{&quot;background_background&quot;:&quot;classic&quot;,&quot;ekit_has_onepagescroll_dot&quot;:&quot;yes&quot;}\">\n\t\t\t\t\t<div class=\"e-con-inner\">\n\t\t\t\t<div class=\"elementor-element elementor-element-003c084 elementor-widget elementor-widget-heading\" data-id=\"003c084\" data-element_type=\"widget\" data-settings=\"{&quot;ekit_we_effect_on&quot;:&quot;none&quot;}\" data-widget_type=\"heading.default\">\n\t\t\t\t\t<h4 class=\"elementor-heading-title elementor-size-default\">Galerie spole\u010dnosti<\/h4>\t\t\t\t<\/div>\n\t\t\t\t\t<\/div>\n\t\t\t\t<\/div>\n\t\t<div data-particle_enable=\"false\" data-particle-mobile-disabled=\"false\" class=\"elementor-element elementor-element-0d94859 e-flex e-con-boxed e-con e-parent\" data-id=\"0d94859\" data-element_type=\"container\" data-settings=\"{&quot;ekit_has_onepagescroll_dot&quot;:&quot;yes&quot;}\">\n\t\t\t\t\t<div class=\"e-con-inner\">\n\t\t<div data-particle_enable=\"false\" data-particle-mobile-disabled=\"false\" class=\"elementor-element elementor-element-a5bdd2f e-con-full e-flex e-con e-child\" data-id=\"a5bdd2f\" data-element_type=\"container\" data-settings=\"{&quot;ekit_has_onepagescroll_dot&quot;:&quot;yes&quot;}\">\n\t\t\t\t<div class=\"elementor-element elementor-element-718af29 elementor-widget elementor-widget-image\" data-id=\"718af29\" data-element_type=\"widget\" data-settings=\"{&quot;ekit_we_effect_on&quot;:&quot;none&quot;}\" data-widget_type=\"image.default\">\n\t\t\t\t\t\t\t\t\t\t\t\t\t\t\t<img fetchpriority=\"high\" decoding=\"async\" width=\"768\" height=\"512\" src=\"https:\/\/longjiagroup.com\/wp-content\/smush-webp\/2025\/12\/44ab5ef18e9c8d87fc73800e59769399-1-768x512.jpg.webp\" class=\"attachment-medium_large size-medium_large wp-image-2422\" alt=\"\" srcset=\"https:\/\/longjiagroup.com\/wp-content\/smush-webp\/2025\/12\/44ab5ef18e9c8d87fc73800e59769399-1-768x512.jpg.webp 768w, https:\/\/longjiagroup.com\/wp-content\/smush-webp\/2025\/12\/44ab5ef18e9c8d87fc73800e59769399-1-300x200.jpg.webp 300w, https:\/\/longjiagroup.com\/wp-content\/smush-webp\/2025\/12\/44ab5ef18e9c8d87fc73800e59769399-1-1024x683.jpg.webp 1024w, https:\/\/longjiagroup.com\/wp-content\/smush-webp\/2025\/12\/44ab5ef18e9c8d87fc73800e59769399-1-600x400.jpg.webp 600w, https:\/\/longjiagroup.com\/wp-content\/smush-webp\/2025\/12\/44ab5ef18e9c8d87fc73800e59769399-1.jpg.webp 1536w\" sizes=\"(max-width: 768px) 100vw, 768px\" data-smush-webp-fallback=\"{&quot;src&quot;:&quot;https:\\\/\\\/longjiagroup.com\\\/wp-content\\\/uploads\\\/2025\\\/12\\\/44ab5ef18e9c8d87fc73800e59769399-1-768x512.jpg&quot;,&quot;srcset&quot;:&quot;https:\\\/\\\/longjiagroup.com\\\/wp-content\\\/uploads\\\/2025\\\/12\\\/44ab5ef18e9c8d87fc73800e59769399-1-768x512.jpg 768w, https:\\\/\\\/longjiagroup.com\\\/wp-content\\\/uploads\\\/2025\\\/12\\\/44ab5ef18e9c8d87fc73800e59769399-1-300x200.jpg 300w, https:\\\/\\\/longjiagroup.com\\\/wp-content\\\/uploads\\\/2025\\\/12\\\/44ab5ef18e9c8d87fc73800e59769399-1-1024x683.jpg 1024w, https:\\\/\\\/longjiagroup.com\\\/wp-content\\\/uploads\\\/2025\\\/12\\\/44ab5ef18e9c8d87fc73800e59769399-1-600x400.jpg 600w, https:\\\/\\\/longjiagroup.com\\\/wp-content\\\/uploads\\\/2025\\\/12\\\/44ab5ef18e9c8d87fc73800e59769399-1.jpg 1536w&quot;}\" \/>\t\t\t\t\t\t\t\t\t\t\t\t\t\t\t<\/div>\n\t\t\t\t<\/div>\n\t\t<div data-particle_enable=\"false\" data-particle-mobile-disabled=\"false\" class=\"elementor-element elementor-element-cca1d41 e-con-full e-flex e-con e-child\" data-id=\"cca1d41\" data-element_type=\"container\" data-settings=\"{&quot;ekit_has_onepagescroll_dot&quot;:&quot;yes&quot;}\">\n\t\t\t\t<div class=\"elementor-element elementor-element-c567c97 elementor-widget elementor-widget-image\" data-id=\"c567c97\" data-element_type=\"widget\" data-settings=\"{&quot;ekit_we_effect_on&quot;:&quot;none&quot;}\" data-widget_type=\"image.default\">\n\t\t\t\t\t\t\t\t\t\t\t\t\t\t\t<img decoding=\"async\" width=\"768\" height=\"576\" data-src=\"https:\/\/longjiagroup.com\/wp-content\/smush-webp\/2025\/12\/b6bf5c6bf393231a049af6eb3cc750c9-1-768x576.jpg.webp\" class=\"attachment-medium_large size-medium_large wp-image-2571 lazyload\" alt=\"\" data-srcset=\"https:\/\/longjiagroup.com\/wp-content\/smush-webp\/2025\/12\/b6bf5c6bf393231a049af6eb3cc750c9-1-768x576.jpg.webp 768w, https:\/\/longjiagroup.com\/wp-content\/smush-webp\/2025\/12\/b6bf5c6bf393231a049af6eb3cc750c9-1-300x225.jpg.webp 300w, https:\/\/longjiagroup.com\/wp-content\/smush-webp\/2025\/12\/b6bf5c6bf393231a049af6eb3cc750c9-1-1024x768.jpg.webp 1024w, https:\/\/longjiagroup.com\/wp-content\/smush-webp\/2025\/12\/b6bf5c6bf393231a049af6eb3cc750c9-1-1536x1152.jpg.webp 1536w, https:\/\/longjiagroup.com\/wp-content\/smush-webp\/2025\/12\/b6bf5c6bf393231a049af6eb3cc750c9-1-2048x1536.jpg.webp 2048w, https:\/\/longjiagroup.com\/wp-content\/smush-webp\/2025\/12\/b6bf5c6bf393231a049af6eb3cc750c9-1-600x450.jpg.webp 600w\" data-sizes=\"(max-width: 768px) 100vw, 768px\" src=\"data:image\/svg+xml;base64,PHN2ZyB3aWR0aD0iMSIgaGVpZ2h0PSIxIiB4bWxucz0iaHR0cDovL3d3dy53My5vcmcvMjAwMC9zdmciPjwvc3ZnPg==\" style=\"--smush-placeholder-width: 768px; --smush-placeholder-aspect-ratio: 768\/576;\" data-smush-webp-fallback=\"{&quot;data-src&quot;:&quot;https:\\\/\\\/longjiagroup.com\\\/wp-content\\\/uploads\\\/2025\\\/12\\\/b6bf5c6bf393231a049af6eb3cc750c9-1-768x576.jpg&quot;,&quot;data-srcset&quot;:&quot;https:\\\/\\\/longjiagroup.com\\\/wp-content\\\/uploads\\\/2025\\\/12\\\/b6bf5c6bf393231a049af6eb3cc750c9-1-768x576.jpg 768w, https:\\\/\\\/longjiagroup.com\\\/wp-content\\\/uploads\\\/2025\\\/12\\\/b6bf5c6bf393231a049af6eb3cc750c9-1-300x225.jpg 300w, https:\\\/\\\/longjiagroup.com\\\/wp-content\\\/uploads\\\/2025\\\/12\\\/b6bf5c6bf393231a049af6eb3cc750c9-1-1024x768.jpg 1024w, https:\\\/\\\/longjiagroup.com\\\/wp-content\\\/uploads\\\/2025\\\/12\\\/b6bf5c6bf393231a049af6eb3cc750c9-1-1536x1152.jpg 1536w, https:\\\/\\\/longjiagroup.com\\\/wp-content\\\/uploads\\\/2025\\\/12\\\/b6bf5c6bf393231a049af6eb3cc750c9-1-2048x1536.jpg 2048w, https:\\\/\\\/longjiagroup.com\\\/wp-content\\\/uploads\\\/2025\\\/12\\\/b6bf5c6bf393231a049af6eb3cc750c9-1-600x450.jpg 600w&quot;}\" \/>\t\t\t\t\t\t\t\t\t\t\t\t\t\t\t<\/div>\n\t\t\t\t<\/div>\n\t\t\t\t\t<\/div>\n\t\t\t\t<\/div>\n\t\t<div data-particle_enable=\"false\" data-particle-mobile-disabled=\"false\" class=\"elementor-element elementor-element-f310559 e-con-full e-flex e-con e-parent\" data-id=\"f310559\" data-element_type=\"container\" data-settings=\"{&quot;ekit_has_onepagescroll_dot&quot;:&quot;yes&quot;}\">\n\t\t<div data-particle_enable=\"false\" data-particle-mobile-disabled=\"false\" class=\"elementor-element elementor-element-62d2d6d e-con-full e-flex e-con e-child\" data-id=\"62d2d6d\" data-element_type=\"container\" data-settings=\"{&quot;background_background&quot;:&quot;classic&quot;,&quot;ekit_has_onepagescroll_dot&quot;:&quot;yes&quot;}\">\n\t\t\t\t<div class=\"elementor-element elementor-element-e99d1cb elementor-widget elementor-widget-heading\" data-id=\"e99d1cb\" data-element_type=\"widget\" data-settings=\"{&quot;ekit_we_effect_on&quot;:&quot;none&quot;}\" data-widget_type=\"heading.default\">\n\t\t\t\t\t<h4 class=\"elementor-heading-title elementor-size-default\">Stone Warehouse Fotografie<\/h4>\t\t\t\t<\/div>\n\t\t\t\t<\/div>\n\t\t\t\t<\/div>\n\t\t<div data-particle_enable=\"false\" data-particle-mobile-disabled=\"false\" class=\"elementor-element elementor-element-c503f08 e-flex e-con-boxed e-con e-parent\" data-id=\"c503f08\" data-element_type=\"container\" data-settings=\"{&quot;ekit_has_onepagescroll_dot&quot;:&quot;yes&quot;}\">\n\t\t\t\t\t<div class=\"e-con-inner\">\n\t\t<div data-particle_enable=\"false\" data-particle-mobile-disabled=\"false\" class=\"elementor-element elementor-element-88fcfde e-con-full e-flex e-con e-child\" data-id=\"88fcfde\" data-element_type=\"container\" data-settings=\"{&quot;ekit_has_onepagescroll_dot&quot;:&quot;yes&quot;}\">\n\t\t\t\t<div class=\"elementor-element elementor-element-69d6570 elementor-widget elementor-widget-image\" data-id=\"69d6570\" data-element_type=\"widget\" data-settings=\"{&quot;ekit_we_effect_on&quot;:&quot;none&quot;}\" data-widget_type=\"image.default\">\n\t\t\t\t\t\t\t\t\t\t\t\t\t\t\t<img decoding=\"async\" width=\"1024\" height=\"576\" data-src=\"https:\/\/longjiagroup.com\/wp-content\/smush-webp\/2025\/12\/dji_fly_20251223_143408_0128_1766485704807_photo-1-1024x576.jpg.webp\" class=\"attachment-large size-large wp-image-2427 lazyload\" alt=\"\" data-srcset=\"https:\/\/longjiagroup.com\/wp-content\/smush-webp\/2025\/12\/dji_fly_20251223_143408_0128_1766485704807_photo-1-1024x576.jpg.webp 1024w, https:\/\/longjiagroup.com\/wp-content\/smush-webp\/2025\/12\/dji_fly_20251223_143408_0128_1766485704807_photo-1-300x169.jpg.webp 300w, https:\/\/longjiagroup.com\/wp-content\/smush-webp\/2025\/12\/dji_fly_20251223_143408_0128_1766485704807_photo-1-768x432.jpg.webp 768w, https:\/\/longjiagroup.com\/wp-content\/smush-webp\/2025\/12\/dji_fly_20251223_143408_0128_1766485704807_photo-1-1536x864.jpg.webp 1536w, https:\/\/longjiagroup.com\/wp-content\/smush-webp\/2025\/12\/dji_fly_20251223_143408_0128_1766485704807_photo-1-2048x1152.jpg.webp 2048w, https:\/\/longjiagroup.com\/wp-content\/smush-webp\/2025\/12\/dji_fly_20251223_143408_0128_1766485704807_photo-1-600x338.jpg.webp 600w\" data-sizes=\"(max-width: 1024px) 100vw, 1024px\" src=\"data:image\/svg+xml;base64,PHN2ZyB3aWR0aD0iMSIgaGVpZ2h0PSIxIiB4bWxucz0iaHR0cDovL3d3dy53My5vcmcvMjAwMC9zdmciPjwvc3ZnPg==\" style=\"--smush-placeholder-width: 1024px; --smush-placeholder-aspect-ratio: 1024\/576;\" data-smush-webp-fallback=\"{&quot;data-src&quot;:&quot;https:\\\/\\\/longjiagroup.com\\\/wp-content\\\/uploads\\\/2025\\\/12\\\/dji_fly_20251223_143408_0128_1766485704807_photo-1-1024x576.jpg&quot;,&quot;data-srcset&quot;:&quot;https:\\\/\\\/longjiagroup.com\\\/wp-content\\\/uploads\\\/2025\\\/12\\\/dji_fly_20251223_143408_0128_1766485704807_photo-1-1024x576.jpg 1024w, https:\\\/\\\/longjiagroup.com\\\/wp-content\\\/uploads\\\/2025\\\/12\\\/dji_fly_20251223_143408_0128_1766485704807_photo-1-300x169.jpg 300w, https:\\\/\\\/longjiagroup.com\\\/wp-content\\\/uploads\\\/2025\\\/12\\\/dji_fly_20251223_143408_0128_1766485704807_photo-1-768x432.jpg 768w, https:\\\/\\\/longjiagroup.com\\\/wp-content\\\/uploads\\\/2025\\\/12\\\/dji_fly_20251223_143408_0128_1766485704807_photo-1-1536x864.jpg 1536w, https:\\\/\\\/longjiagroup.com\\\/wp-content\\\/uploads\\\/2025\\\/12\\\/dji_fly_20251223_143408_0128_1766485704807_photo-1-2048x1152.jpg 2048w, https:\\\/\\\/longjiagroup.com\\\/wp-content\\\/uploads\\\/2025\\\/12\\\/dji_fly_20251223_143408_0128_1766485704807_photo-1-600x338.jpg 600w&quot;}\" \/>\t\t\t\t\t\t\t\t\t\t\t\t\t\t\t<\/div>\n\t\t\t\t<\/div>\n\t\t<div data-particle_enable=\"false\" data-particle-mobile-disabled=\"false\" class=\"elementor-element elementor-element-f6d6527 e-con-full e-flex e-con e-child\" data-id=\"f6d6527\" data-element_type=\"container\" data-settings=\"{&quot;ekit_has_onepagescroll_dot&quot;:&quot;yes&quot;}\">\n\t\t\t\t<div class=\"elementor-element elementor-element-42ef9f3 elementor-widget elementor-widget-image\" data-id=\"42ef9f3\" data-element_type=\"widget\" data-settings=\"{&quot;ekit_we_effect_on&quot;:&quot;none&quot;}\" data-widget_type=\"image.default\">\n\t\t\t\t\t\t\t\t\t\t\t\t\t\t\t<img decoding=\"async\" width=\"1024\" height=\"576\" data-src=\"https:\/\/longjiagroup.com\/wp-content\/smush-webp\/2025\/12\/dji_fly_20251223_143348_0127_1766485705129_photo-1024x576.jpg.webp\" class=\"attachment-large size-large wp-image-2429 lazyload\" alt=\"\" data-srcset=\"https:\/\/longjiagroup.com\/wp-content\/smush-webp\/2025\/12\/dji_fly_20251223_143348_0127_1766485705129_photo-1024x576.jpg.webp 1024w, https:\/\/longjiagroup.com\/wp-content\/smush-webp\/2025\/12\/dji_fly_20251223_143348_0127_1766485705129_photo-300x169.jpg.webp 300w, https:\/\/longjiagroup.com\/wp-content\/smush-webp\/2025\/12\/dji_fly_20251223_143348_0127_1766485705129_photo-768x432.jpg.webp 768w, https:\/\/longjiagroup.com\/wp-content\/smush-webp\/2025\/12\/dji_fly_20251223_143348_0127_1766485705129_photo-1536x864.jpg.webp 1536w, https:\/\/longjiagroup.com\/wp-content\/smush-webp\/2025\/12\/dji_fly_20251223_143348_0127_1766485705129_photo-2048x1152.jpg.webp 2048w, https:\/\/longjiagroup.com\/wp-content\/smush-webp\/2025\/12\/dji_fly_20251223_143348_0127_1766485705129_photo-600x338.jpg.webp 600w\" data-sizes=\"(max-width: 1024px) 100vw, 1024px\" src=\"data:image\/svg+xml;base64,PHN2ZyB3aWR0aD0iMSIgaGVpZ2h0PSIxIiB4bWxucz0iaHR0cDovL3d3dy53My5vcmcvMjAwMC9zdmciPjwvc3ZnPg==\" style=\"--smush-placeholder-width: 1024px; --smush-placeholder-aspect-ratio: 1024\/576;\" data-smush-webp-fallback=\"{&quot;data-src&quot;:&quot;https:\\\/\\\/longjiagroup.com\\\/wp-content\\\/uploads\\\/2025\\\/12\\\/dji_fly_20251223_143348_0127_1766485705129_photo-1024x576.jpg&quot;,&quot;data-srcset&quot;:&quot;https:\\\/\\\/longjiagroup.com\\\/wp-content\\\/uploads\\\/2025\\\/12\\\/dji_fly_20251223_143348_0127_1766485705129_photo-1024x576.jpg 1024w, https:\\\/\\\/longjiagroup.com\\\/wp-content\\\/uploads\\\/2025\\\/12\\\/dji_fly_20251223_143348_0127_1766485705129_photo-300x169.jpg 300w, https:\\\/\\\/longjiagroup.com\\\/wp-content\\\/uploads\\\/2025\\\/12\\\/dji_fly_20251223_143348_0127_1766485705129_photo-768x432.jpg 768w, https:\\\/\\\/longjiagroup.com\\\/wp-content\\\/uploads\\\/2025\\\/12\\\/dji_fly_20251223_143348_0127_1766485705129_photo-1536x864.jpg 1536w, https:\\\/\\\/longjiagroup.com\\\/wp-content\\\/uploads\\\/2025\\\/12\\\/dji_fly_20251223_143348_0127_1766485705129_photo-2048x1152.jpg 2048w, https:\\\/\\\/longjiagroup.com\\\/wp-content\\\/uploads\\\/2025\\\/12\\\/dji_fly_20251223_143348_0127_1766485705129_photo-600x338.jpg 600w&quot;}\" \/>\t\t\t\t\t\t\t\t\t\t\t\t\t\t\t<\/div>\n\t\t\t\t<\/div>\n\t\t\t\t\t<\/div>\n\t\t\t\t<\/div>\n\t\t<div data-particle_enable=\"false\" data-particle-mobile-disabled=\"false\" class=\"elementor-element elementor-element-da69bb5 e-con-full e-flex e-con e-parent\" data-id=\"da69bb5\" data-element_type=\"container\" data-settings=\"{&quot;ekit_has_onepagescroll_dot&quot;:&quot;yes&quot;}\">\n\t\t<div data-particle_enable=\"false\" data-particle-mobile-disabled=\"false\" class=\"elementor-element elementor-element-06278f3 e-con-full e-flex e-con e-child\" data-id=\"06278f3\" data-element_type=\"container\" data-settings=\"{&quot;ekit_has_onepagescroll_dot&quot;:&quot;yes&quot;}\">\n\t\t<div data-particle_enable=\"false\" data-particle-mobile-disabled=\"false\" class=\"elementor-element elementor-element-c08c489 e-con-full e-flex e-con e-child\" data-id=\"c08c489\" data-element_type=\"container\" data-settings=\"{&quot;background_background&quot;:&quot;classic&quot;,&quot;ekit_has_onepagescroll_dot&quot;:&quot;yes&quot;}\">\n\t\t\t\t<div class=\"elementor-element elementor-element-5c2bc53 elementor-widget elementor-widget-heading\" data-id=\"5c2bc53\" data-element_type=\"widget\" data-settings=\"{&quot;ekit_we_effect_on&quot;:&quot;none&quot;}\" data-widget_type=\"heading.default\">\n\t\t\t\t\t<h4 class=\"elementor-heading-title elementor-size-default\">Surov\u00fd k\u00e1men<\/h4>\t\t\t\t<\/div>\n\t\t\t\t<\/div>\n\t\t\t\t<\/div>\n\t\t\t\t<\/div>\n\t\t<div data-particle_enable=\"false\" data-particle-mobile-disabled=\"false\" class=\"elementor-element elementor-element-5b1a796 e-flex e-con-boxed e-con e-parent\" data-id=\"5b1a796\" data-element_type=\"container\" data-settings=\"{&quot;ekit_has_onepagescroll_dot&quot;:&quot;yes&quot;}\">\n\t\t\t\t\t<div class=\"e-con-inner\">\n\t\t<div data-particle_enable=\"false\" data-particle-mobile-disabled=\"false\" class=\"elementor-element elementor-element-dd77000 e-con-full e-flex e-con e-child\" data-id=\"dd77000\" data-element_type=\"container\" data-settings=\"{&quot;ekit_has_onepagescroll_dot&quot;:&quot;yes&quot;}\">\n\t\t\t\t<div class=\"elementor-element elementor-element-ab3d6c2 elementor-widget elementor-widget-video\" data-id=\"ab3d6c2\" data-element_type=\"widget\" data-settings=\"{&quot;video_type&quot;:&quot;hosted&quot;,&quot;autoplay&quot;:&quot;yes&quot;,&quot;play_on_mobile&quot;:&quot;yes&quot;,&quot;mute&quot;:&quot;yes&quot;,&quot;loop&quot;:&quot;yes&quot;,&quot;controls&quot;:&quot;yes&quot;,&quot;ekit_we_effect_on&quot;:&quot;none&quot;}\" data-widget_type=\"video.default\">\n\t\t\t\t\t\t\t<div class=\"e-hosted-video elementor-wrapper elementor-open-inline\">\n\t\t\t\t\t<video class=\"elementor-video\" src=\"https:\/\/longjiagroup.com\/wp-content\/uploads\/2025\/12\/yuanshi2.mp4\" autoplay=\"\" loop=\"\" controls=\"\" muted=\"muted\" playsinline=\"\" controlslist=\"nodownload\"><\/video>\n\t\t\t\t<\/div>\n\t\t\t\t\t\t<\/div>\n\t\t\t\t<\/div>\n\t\t<div data-particle_enable=\"false\" data-particle-mobile-disabled=\"false\" class=\"elementor-element elementor-element-01c75bc e-con-full e-flex e-con e-child\" data-id=\"01c75bc\" data-element_type=\"container\" data-settings=\"{&quot;ekit_has_onepagescroll_dot&quot;:&quot;yes&quot;}\">\n\t\t\t\t<div class=\"elementor-element elementor-element-524daab elementor-widget elementor-widget-video\" data-id=\"524daab\" data-element_type=\"widget\" data-settings=\"{&quot;video_type&quot;:&quot;hosted&quot;,&quot;autoplay&quot;:&quot;yes&quot;,&quot;play_on_mobile&quot;:&quot;yes&quot;,&quot;mute&quot;:&quot;yes&quot;,&quot;loop&quot;:&quot;yes&quot;,&quot;controls&quot;:&quot;yes&quot;,&quot;ekit_we_effect_on&quot;:&quot;none&quot;}\" data-widget_type=\"video.default\">\n\t\t\t\t\t\t\t<div class=\"e-hosted-video elementor-wrapper elementor-open-inline\">\n\t\t\t\t\t<video class=\"elementor-video\" src=\"https:\/\/longjiagroup.com\/wp-content\/uploads\/2025\/12\/yuanshi1.mp4\" autoplay=\"\" loop=\"\" controls=\"\" muted=\"muted\" playsinline=\"\" controlslist=\"nodownload\"><\/video>\n\t\t\t\t<\/div>\n\t\t\t\t\t\t<\/div>\n\t\t\t\t<\/div>\n\t\t\t\t\t<\/div>\n\t\t\t\t<\/div>\n\t\t<div data-particle_enable=\"false\" data-particle-mobile-disabled=\"false\" class=\"elementor-element elementor-element-7ba5d00 e-flex e-con-boxed e-con e-parent\" data-id=\"7ba5d00\" data-element_type=\"container\" data-settings=\"{&quot;ekit_has_onepagescroll_dot&quot;:&quot;yes&quot;}\">\n\t\t\t\t\t<div class=\"e-con-inner\">\n\t\t\t\t<div class=\"elementor-element elementor-element-b67f31e elementor-widget-divider--view-line elementor-widget elementor-widget-divider\" data-id=\"b67f31e\" data-element_type=\"widget\" data-settings=\"{&quot;ekit_we_effect_on&quot;:&quot;none&quot;}\" data-widget_type=\"divider.default\">\n\t\t\t\t\t\t\t<div class=\"elementor-divider\">\n\t\t\t<span class=\"elementor-divider-separator\">\n\t\t\t\t\t\t<\/span>\n\t\t<\/div>\n\t\t\t\t\t\t<\/div>\n\t\t\t\t\t<\/div>\n\t\t\t\t<\/div>\n\t\t\t\t<\/div>","protected":false},"excerpt":{"rendered":"<p>Home \/ Page Longjia-China stone supply business and factory overview Company Gallery Stone Warehouse Photos Raw Stone https:\/\/longjiagroup.com\/wp-content\/uploads\/2025\/12\/yuanshi2.mp4https:\/\/longjiagroup.com\/wp-content\/uploads\/2025\/12\/yuanshi1.mp4<\/p>","protected":false},"author":1,"featured_media":0,"parent":0,"menu_order":0,"comment_status":"closed","ping_status":"closed","template":"","meta":{"site-sidebar-layout":"no-sidebar","site-content-layout":"page-builder","ast-site-content-layout":"full-width-container","site-content-style":"default","site-sidebar-style":"default","ast-global-header-display":"","ast-banner-title-visibility":"","ast-main-header-display":"","ast-hfb-above-header-display":"","ast-hfb-below-header-display":"","ast-hfb-mobile-header-display":"","site-post-title":"disabled","ast-breadcrumbs-content":"","ast-featured-img":"disabled","footer-sml-layout":"","theme-transparent-header-meta":"","adv-header-id-meta":"","stick-header-meta":"","header-above-stick-meta":"","header-main-stick-meta":"","header-below-stick-meta":"","astra-migrate-meta-layouts":"set","ast-page-background-enabled":"default","ast-page-background-meta":{"desktop":{"background-color":"var(--ast-global-color-4)","background-image":"","background-repeat":"repeat","background-position":"center center","background-size":"auto","background-attachment":"scroll","background-type":"","background-media":"","overlay-type":"","overlay-color":"","overlay-gradient":""},"tablet":{"background-color":"","background-image":"","background-repeat":"repeat","background-position":"center center","background-size":"auto","background-attachment":"scroll","background-type":"","background-media":"","overlay-type":"","overlay-color":"","overlay-gradient":""},"mobile":{"background-color":"","background-image":"","background-repeat":"repeat","background-position":"center center","background-size":"auto","background-attachment":"scroll","background-type":"","background-media":"","overlay-type":"","overlay-color":"","overlay-gradient":""}},"ast-content-background-meta":{"desktop":{"background-color":"var(--ast-global-color-5)","background-image":"","background-repeat":"repeat","background-position":"center center","background-size":"auto","background-attachment":"scroll","background-type":"","background-media":"","overlay-type":"","overlay-color":"","overlay-gradient":""},"tablet":{"background-color":"var(--ast-global-color-5)","background-image":"","background-repeat":"repeat","background-position":"center center","background-size":"auto","background-attachment":"scroll","background-type":"","background-media":"","overlay-type":"","overlay-color":"","overlay-gradient":""},"mobile":{"background-color":"var(--ast-global-color-5)","background-image":"","background-repeat":"repeat","background-position":"center center","background-size":"auto","background-attachment":"scroll","background-type":"","background-media":"","overlay-type":"","overlay-color":"","overlay-gradient":""}},"footnotes":""},"class_list":["post-2417","page","type-page","status-publish","hentry"],"_links":{"self":[{"href":"https:\/\/longjiagroup.com\/cs\/wp-json\/wp\/v2\/pages\/2417","targetHints":{"allow":["GET"]}}],"collection":[{"href":"https:\/\/longjiagroup.com\/cs\/wp-json\/wp\/v2\/pages"}],"about":[{"href":"https:\/\/longjiagroup.com\/cs\/wp-json\/wp\/v2\/types\/page"}],"author":[{"embeddable":true,"href":"https:\/\/longjiagroup.com\/cs\/wp-json\/wp\/v2\/users\/1"}],"replies":[{"embeddable":true,"href":"https:\/\/longjiagroup.com\/cs\/wp-json\/wp\/v2\/comments?post=2417"}],"version-history":[{"count":16,"href":"https:\/\/longjiagroup.com\/cs\/wp-json\/wp\/v2\/pages\/2417\/revisions"}],"predecessor-version":[{"id":2574,"href":"https:\/\/longjiagroup.com\/cs\/wp-json\/wp\/v2\/pages\/2417\/revisions\/2574"}],"wp:attachment":[{"href":"https:\/\/longjiagroup.com\/cs\/wp-json\/wp\/v2\/media?parent=2417"}],"curies":[{"name":"wp","href":"https:\/\/api.w.org\/{rel}","templated":true}]}}