{"id":2581,"date":"2025-12-29T06:45:52","date_gmt":"2025-12-29T06:45:52","guid":{"rendered":"https:\/\/longjiagroup.com\/?page_id=2581"},"modified":"2025-12-29T06:50:48","modified_gmt":"2025-12-29T06:50:48","slug":"kontaktovat-longjia","status":"publish","type":"page","link":"https:\/\/longjiagroup.com\/cs\/kontaktovat-longjia\/","title":{"rendered":"Kontakt LONGJIA | \u010c\u00edna Stone Dodavatel\u00e9 a v\u00fdrobci Factory"},"content":{"rendered":"<div data-elementor-type=\"wp-page\" data-elementor-id=\"2581\" class=\"elementor elementor-2581\" data-elementor-post-type=\"page\">\n\t\t\t\t<div data-particle_enable=\"false\" data-particle-mobile-disabled=\"false\" class=\"elementor-element elementor-element-c67da8c e-flex e-con-boxed e-con e-parent\" data-id=\"c67da8c\" data-element_type=\"container\" data-settings=\"{&quot;ekit_has_onepagescroll_dot&quot;:&quot;yes&quot;}\">\n\t\t\t\t\t<div class=\"e-con-inner\">\n\t\t\t\t<div class=\"elementor-element elementor-element-a2eb850 elementor-widget elementor-widget-heading\" data-id=\"a2eb850\" data-element_type=\"widget\" data-settings=\"{&quot;ekit_we_effect_on&quot;:&quot;none&quot;}\" data-widget_type=\"heading.default\">\n\t\t\t\t\t<h4 class=\"elementor-heading-title elementor-size-default\">Kontakt LONGJIA | \u010c\u00edna Stone Dodavatel\u00e9 a v\u00fdrobci Factory<\/h4>\t\t\t\t<\/div>\n\t\t\t\t\t<\/div>\n\t\t\t\t<\/div>\n\t\t<div data-particle_enable=\"false\" data-particle-mobile-disabled=\"false\" class=\"elementor-element elementor-element-3338b25 e-flex e-con-boxed e-con e-parent\" data-id=\"3338b25\" data-element_type=\"container\" data-settings=\"{&quot;ekit_has_onepagescroll_dot&quot;:&quot;yes&quot;}\">\n\t\t\t\t\t<div class=\"e-con-inner\">\n\t\t<div data-particle_enable=\"false\" data-particle-mobile-disabled=\"false\" class=\"elementor-element elementor-element-12b8b2d e-con-full e-flex e-con e-child\" data-id=\"12b8b2d\" data-element_type=\"container\" data-settings=\"{&quot;ekit_has_onepagescroll_dot&quot;:&quot;yes&quot;}\">\n\t\t\t\t<div class=\"elementor-element elementor-element-b7b1ea0 elementor-widget elementor-widget-html\" data-id=\"b7b1ea0\" data-element_type=\"widget\" data-settings=\"{&quot;ekit_we_effect_on&quot;:&quot;none&quot;}\" data-widget_type=\"html.default\">\n\t\t\t\t\t<!-- Font Awesome \u56fe\u6807\u5e93\uff08\u5982\u5df2\u52a0\u8f7d\u53ef\u5220\u9664\uff09 -->\r\n<link rel=\"stylesheet\" href=\"https:\/\/cdnjs.cloudflare.com\/ajax\/libs\/font-awesome\/6.5.0\/css\/all.min.css\">\r\n\r\n<div class=\"company-info-box\">\r\n\r\n    <div class=\"info-item\">\r\n        <i class=\"fa-solid fa-building\"><\/i>\r\n        <div>\r\n            <strong>N\u00e1zev spole\u010dnosti<\/strong>\r\n            <p>Fujian Nan'an Longjia Stone Co., Ltd.<\/p>\r\n        <\/div>\r\n    <\/div>\r\n\r\n    <div class=\"info-item\">\r\n        <i class=\"fa-solid fa-location-dot\"><\/i>\r\n        <div>\r\n            <strong>\u00dast\u0159ed\u00ed<\/strong>\r\n            <p>\r\n                Pr\u016fmyslov\u00fd park Kuifeng, m\u011bsto Shuitou,<br>\r\n                M\u011bsto Nan'an, provincie Fujian, \u010c\u00edna\r\n            <\/p>\r\n        <\/div>\r\n    <\/div>\r\n\r\n    <div class=\"info-item\">\r\n        <i class=\"fa-solid fa-warehouse\"><\/i>\r\n        <div>\r\n            <strong>Kamenn\u00e1 pr\u016fmyslov\u00e1 z\u00e1kladna<\/strong>\r\n            <p>\r\n                Kamenn\u00e9 m\u011bsto Longjia, pr\u016fmyslov\u00e1 z\u00f3na Binhai,<br>\r\n                M\u011bsto Shuitou, m\u011bsto Nan'an, \u010c\u00edna<br>\r\n                (60 000\u33a1 V\u00fdrobn\u00ed a obchodn\u00ed komplex)\r\n            <\/p>\r\n        <\/div>\r\n    <\/div>\r\n\r\n    <div class=\"info-item\">\r\n        <i class=\"fa-solid fa-industry\"><\/i>\r\n        <div>\r\n            <strong>Z\u00e1mo\u0159sk\u00e1 tov\u00e1rna<\/strong>\r\n            <p>\r\n                Golden Nile Stone Industry Co., Ltd.<br>\r\n                30 000\u33a1 Pr\u016fmyslov\u00e1 z\u00f3na, Egypt\r\n            <\/p>\r\n        <\/div>\r\n    <\/div>\r\n\r\n    <div class=\"info-item\">\r\n        <i class=\"fa-solid fa-gem\"><\/i>\r\n        <div>\r\n            <strong>Hlavn\u00ed produkty<\/strong>\r\n            <p>\r\n                V\u00e1penn\u00e1 \u0159ada, egyptsk\u00fd v\u00e1penec,<br>\r\n                Tureck\u00e1 m\u011bs\u00ed\u010dn\u00ed b\u00e9\u017eov\u00e1, b\u00edl\u00e1 p\u00edskov\u00e1 b\u00e9\u017eov\u00e1,<br>\r\n                Bulgari White, Tiffany Blue\r\n            <\/p>\r\n        <\/div>\r\n    <\/div>\r\n\r\n    <div class=\"info-item\">\r\n        <i class=\"fa-solid fa-layer-group\"><\/i>\r\n        <div>\r\n            <strong>Kapacita z\u00e1sob<\/strong>\r\n            <p>\r\n                V\u00edce ne\u017e 300 000\u33a1 desek k dispozici po cel\u00fd rok\r\n            <\/p>\r\n        <\/div>\r\n    <\/div>\r\n\r\n<\/div>\r\n\r\n<style>\r\n.company-info-box {\r\n    max-width: 520px;\r\n    background: #fff;\r\n    padding: 20px 22px;\r\n    font-family: Arial, sans-serif;\r\n}\r\n\r\n.info-item {\r\n    display: flex;\r\n    align-items: flex-start;\r\n    margin-bottom: 18px;\r\n}\r\n\r\n.info-item i {\r\n    font-size: 18px;\r\n    color: #000;\r\n    margin-right: 14px;\r\n    margin-top: 4px;\r\n    min-width: 20px;\r\n}\r\n\r\n.info-item strong {\r\n    display: block;\r\n    font-size: 14px;\r\n    color: #000;\r\n    margin-bottom: 4px;\r\n}\r\n\r\n.info-item p {\r\n    margin: 0;\r\n    font-size: 13px;\r\n    line-height: 1.6;\r\n    color: #333;\r\n}\r\n<\/style>\r\n\t\t\t\t<\/div>\n\t\t\t\t<\/div>\n\t\t<div data-particle_enable=\"false\" data-particle-mobile-disabled=\"false\" class=\"elementor-element elementor-element-2e4a5e9 e-con-full e-flex e-con e-child\" data-id=\"2e4a5e9\" data-element_type=\"container\" data-settings=\"{&quot;ekit_has_onepagescroll_dot&quot;:&quot;yes&quot;}\">\n\t\t\t\t<div class=\"elementor-element elementor-element-e20fb63 elementor-widget elementor-widget-shortcode\" data-id=\"e20fb63\" data-element_type=\"widget\" data-settings=\"{&quot;ekit_we_effect_on&quot;:&quot;none&quot;}\" data-widget_type=\"shortcode.default\">\n\t\t\t\t\t\t\t<div class=\"elementor-shortcode\"><div class=\"wpforms-container\" id=\"wpforms-2535\"><form id=\"wpforms-form-2535\" class=\"wpforms-validate wpforms-form wpforms-ajax-form\" data-formid=\"2535\" method=\"post\" enctype=\"multipart\/form-data\" action=\"\/cs\/wp-json\/wp\/v2\/pages\/2581\" data-token=\"9b584050d6eeea11901d4955b4787b34\" data-token-time=\"1776452002\" data-trp-original-action=\"\/cs\/wp-json\/wp\/v2\/pages\/2581\"><noscript class=\"wpforms-error-noscript\">Chcete-li vyplnit tento formul\u00e1\u0159, pros\u00edm povolte v prohl\u00ed\u017ee\u010di JavaScript.<\/noscript><div class=\"wpforms-field-container\">\t\t<div id=\"wpforms-2535-field_4-container\"\n\t\t\tclass=\"wpforms-field wpforms-field-text\"\n\t\t\tdata-field-type=\"text\"\n\t\t\tdata-field-id=\"4\"\n\t\t\t>\n\t\t\t<label class=\"wpforms-field-label\" for=\"wpforms-2535-field_4\" >Message Name Email<\/label>\n\t\t\t<input type=\"text\" id=\"wpforms-2535-field_4\" class=\"wpforms-field-medium\" name=\"wpforms[fields][4]\" >\n\t\t<\/div>\n\t\t<div id=\"wpforms-2535-field_1-container\" class=\"wpforms-field wpforms-field-name\" data-field-id=\"1\"><label class=\"wpforms-field-label\" for=\"wpforms-2535-field_1\">N\u00e1zev <span class=\"wpforms-required-label\">*<\/span><\/label><input type=\"text\" id=\"wpforms-2535-field_1\" class=\"wpforms-field-medium wpforms-field-required\" name=\"wpforms[fields][1]\" required><\/div><div id=\"wpforms-2535-field_2-container\" class=\"wpforms-field wpforms-field-email\" data-field-id=\"2\"><label class=\"wpforms-field-label\" for=\"wpforms-2535-field_2\">E-mail <span class=\"wpforms-required-label\">*<\/span><\/label><input type=\"email\" id=\"wpforms-2535-field_2\" class=\"wpforms-field-medium wpforms-field-required\" name=\"wpforms[fields][2]\" spellcheck=\"false\" required><\/div><div id=\"wpforms-2535-field_5-container\" class=\"wpforms-field wpforms-field-email\" data-field-id=\"5\"><label class=\"wpforms-field-label\" for=\"wpforms-2535-field_5\">Telefon\/WhatsAPP\/WeChat<\/label><input type=\"email\" id=\"wpforms-2535-field_5\" class=\"wpforms-field-medium\" name=\"wpforms[fields][5]\" spellcheck=\"false\" ><\/div><div id=\"wpforms-2535-field_3-container\" class=\"wpforms-field wpforms-field-textarea\" data-field-id=\"3\"><label class=\"wpforms-field-label\" for=\"wpforms-2535-field_3\">Koment\u00e1\u0159 nebo zpr\u00e1va<\/label><textarea id=\"wpforms-2535-field_3\" class=\"wpforms-field-medium\" name=\"wpforms[fields][3]\" ><\/textarea><\/div><script>\n\t\t\t\t( function() {\n\t\t\t\t\tconst style = document.createElement( 'style' );\n\t\t\t\t\tstyle.appendChild( document.createTextNode( '#wpforms-2535-field_4-container { position: absolute !important; overflow: hidden !important; display: inline !important; height: 1px !important; width: 1px !important; z-index: -1000 !important; padding: 0 !important; } #wpforms-2535-field_4-container input { visibility: hidden; } #wpforms-conversational-form-page #wpforms-2535-field_4-container label { counter-increment: none; }' ) );\n\t\t\t\t\tdocument.head.appendChild( style );\n\t\t\t\t\tdocument.currentScript?.remove();\n\t\t\t\t} )();\n\t\t\t<\/script><\/div><!-- .wpforms-field-container --><div class=\"wpforms-submit-container\" ><input type=\"hidden\" name=\"wpforms[id]\" value=\"2535\"><input type=\"hidden\" name=\"page_title\" value=\"\"><input type=\"hidden\" name=\"page_url\" value=\"https:\/\/longjiagroup.com\/cs\/wp-json\/wp\/v2\/pages\/2581\"><input type=\"hidden\" name=\"url_referer\" value=\"\"><button type=\"submit\" name=\"wpforms[submit]\" id=\"wpforms-submit-2535\" class=\"wpforms-submit\" data-alt-text=\"Sending...\" data-submit-text=\"Submit\" aria-live=\"assertive\" value=\"wpforms-submit\">Odeslat<\/button><img decoding=\"async\" data-src=\"https:\/\/longjiagroup.com\/wp-content\/plugins\/wpforms-lite\/assets\/images\/submit-spin.svg\" class=\"wpforms-submit-spinner lazyload\" style=\"--smush-placeholder-width: 26px; --smush-placeholder-aspect-ratio: 26\/26;display: none;\" width=\"26\" height=\"26\" alt=\"Na\u010d\u00edt\u00e1n\u00ed\" src=\"data:image\/svg+xml;base64,PHN2ZyB3aWR0aD0iMSIgaGVpZ2h0PSIxIiB4bWxucz0iaHR0cDovL3d3dy53My5vcmcvMjAwMC9zdmciPjwvc3ZnPg==\"><\/div><input type=\"hidden\" name=\"trp-form-language\" value=\"cs\"\/><\/form><\/div>  <!-- .wpforms-container --><\/div>\n\t\t\t\t\t\t<\/div>\n\t\t\t\t<\/div>\n\t\t\t\t\t<\/div>\n\t\t\t\t<\/div>\n\t\t<div data-particle_enable=\"false\" data-particle-mobile-disabled=\"false\" class=\"elementor-element elementor-element-11b0653 e-flex e-con-boxed e-con e-parent\" data-id=\"11b0653\" data-element_type=\"container\" data-settings=\"{&quot;ekit_has_onepagescroll_dot&quot;:&quot;yes&quot;}\">\n\t\t\t\t\t<div class=\"e-con-inner\">\n\t\t\t\t<div class=\"elementor-element elementor-element-e33367d elementor-widget-divider--view-line elementor-widget elementor-widget-divider\" data-id=\"e33367d\" data-element_type=\"widget\" data-settings=\"{&quot;ekit_we_effect_on&quot;:&quot;none&quot;}\" data-widget_type=\"divider.default\">\n\t\t\t\t\t\t\t<div class=\"elementor-divider\">\n\t\t\t<span class=\"elementor-divider-separator\">\n\t\t\t\t\t\t<\/span>\n\t\t<\/div>\n\t\t\t\t\t\t<\/div>\n\t\t\t\t\t<\/div>\n\t\t\t\t<\/div>\n\t\t\t\t<\/div>","protected":false},"excerpt":{"rendered":"<p>Kontakt LONGJIA | \u010c\u00edna Stone Dodavatel\u00e9 a v\u00fdrobci Factory Corporate Name Fujian Nan'an Longjia Stone Co., Ltd. S\u00eddlo Kuifeng Industrial Park, Shuitou Town, Nan'an City, provincie Fujian, \u010c\u00edna Kamenn\u00e1 pr\u016fmyslov\u00e1 z\u00e1kladna Longjia Stone City, Binhai Industrial Zone, Shuitou Town, Nan'an City, \u010c\u00edna (60 000\u33a1 v\u00fdrobn\u00ed a obchodn\u00ed komplex) Z\u00e1mo\u0159sk\u00e1 tov\u00e1rna Golden Nile Stone Industry Co., [...]<\/p>","protected":false},"author":1,"featured_media":0,"parent":0,"menu_order":0,"comment_status":"closed","ping_status":"closed","template":"","meta":{"site-sidebar-layout":"no-sidebar","site-content-layout":"page-builder","ast-site-content-layout":"full-width-container","site-content-style":"default","site-sidebar-style":"default","ast-global-header-display":"","ast-banner-title-visibility":"","ast-main-header-display":"","ast-hfb-above-header-display":"","ast-hfb-below-header-display":"","ast-hfb-mobile-header-display":"","site-post-title":"disabled","ast-breadcrumbs-content":"","ast-featured-img":"disabled","footer-sml-layout":"","theme-transparent-header-meta":"","adv-header-id-meta":"","stick-header-meta":"","header-above-stick-meta":"","header-main-stick-meta":"","header-below-stick-meta":"","astra-migrate-meta-layouts":"set","ast-page-background-enabled":"default","ast-page-background-meta":{"desktop":{"background-color":"var(--ast-global-color-4)","background-image":"","background-repeat":"repeat","background-position":"center center","background-size":"auto","background-attachment":"scroll","background-type":"","background-media":"","overlay-type":"","overlay-color":"","overlay-gradient":""},"tablet":{"background-color":"","background-image":"","background-repeat":"repeat","background-position":"center center","background-size":"auto","background-attachment":"scroll","background-type":"","background-media":"","overlay-type":"","overlay-color":"","overlay-gradient":""},"mobile":{"background-color":"","background-image":"","background-repeat":"repeat","background-position":"center center","background-size":"auto","background-attachment":"scroll","background-type":"","background-media":"","overlay-type":"","overlay-color":"","overlay-gradient":""}},"ast-content-background-meta":{"desktop":{"background-color":"var(--ast-global-color-5)","background-image":"","background-repeat":"repeat","background-position":"center center","background-size":"auto","background-attachment":"scroll","background-type":"","background-media":"","overlay-type":"","overlay-color":"","overlay-gradient":""},"tablet":{"background-color":"var(--ast-global-color-5)","background-image":"","background-repeat":"repeat","background-position":"center center","background-size":"auto","background-attachment":"scroll","background-type":"","background-media":"","overlay-type":"","overlay-color":"","overlay-gradient":""},"mobile":{"background-color":"var(--ast-global-color-5)","background-image":"","background-repeat":"repeat","background-position":"center center","background-size":"auto","background-attachment":"scroll","background-type":"","background-media":"","overlay-type":"","overlay-color":"","overlay-gradient":""}},"footnotes":""},"class_list":["post-2581","page","type-page","status-publish","hentry"],"_links":{"self":[{"href":"https:\/\/longjiagroup.com\/cs\/wp-json\/wp\/v2\/pages\/2581","targetHints":{"allow":["GET"]}}],"collection":[{"href":"https:\/\/longjiagroup.com\/cs\/wp-json\/wp\/v2\/pages"}],"about":[{"href":"https:\/\/longjiagroup.com\/cs\/wp-json\/wp\/v2\/types\/page"}],"author":[{"embeddable":true,"href":"https:\/\/longjiagroup.com\/cs\/wp-json\/wp\/v2\/users\/1"}],"replies":[{"embeddable":true,"href":"https:\/\/longjiagroup.com\/cs\/wp-json\/wp\/v2\/comments?post=2581"}],"version-history":[{"count":7,"href":"https:\/\/longjiagroup.com\/cs\/wp-json\/wp\/v2\/pages\/2581\/revisions"}],"predecessor-version":[{"id":2589,"href":"https:\/\/longjiagroup.com\/cs\/wp-json\/wp\/v2\/pages\/2581\/revisions\/2589"}],"wp:attachment":[{"href":"https:\/\/longjiagroup.com\/cs\/wp-json\/wp\/v2\/media?parent=2581"}],"curies":[{"name":"wp","href":"https:\/\/api.w.org\/{rel}","templated":true}]}}