{"id":2081,"date":"2025-12-24T02:52:12","date_gmt":"2025-12-24T02:52:12","guid":{"rendered":"https:\/\/luxuryfactory.top\/?post_type=product&#038;p=2081"},"modified":"2025-12-27T08:20:21","modified_gmt":"2025-12-27T08:20:21","slug":"sinajska-perletova-mramorova-dlazba-prirodni-zily-premiova-kvalita","status":"publish","type":"product","link":"https:\/\/longjiagroup.com\/cs\/produkt\/sinajska-perletova-mramorova-dlazba-prirodni-zily-premiova-kvalita\/","title":{"rendered":"Mramorov\u00e1 dla\u017edice Sinai Pearl | P\u0159\u00edrodn\u00ed \u017eilky \u00b7 Pr\u00e9miov\u00e1 kvalita"},"content":{"rendered":"<div data-elementor-type=\"product-post\" data-elementor-id=\"2081\" class=\"elementor elementor-2081\" data-elementor-post-type=\"product\">\n\t\t\t\t<div data-particle_enable=\"false\" data-particle-mobile-disabled=\"false\" class=\"elementor-element elementor-element-5308c078 e-flex e-con-boxed e-con e-parent\" data-id=\"5308c078\" data-element_type=\"container\" data-settings=\"{&quot;ekit_has_onepagescroll_dot&quot;:&quot;yes&quot;}\">\n\t\t\t\t\t<div class=\"e-con-inner\">\n\t\t\t\t<div class=\"elementor-element elementor-element-66a7b667 elementor-widget elementor-widget-text-editor\" data-id=\"66a7b667\" data-element_type=\"widget\" data-settings=\"{&quot;ekit_we_effect_on&quot;:&quot;none&quot;}\" data-widget_type=\"text-editor.default\">\n\t\t\t\t\t\t\t\t\t<section>Mramorov\u00e1 dla\u017eba Sinai Pearl, vyroben\u00e1 z prvot\u0159\u00eddn\u00edho p\u0159\u00edrodn\u00edho mramoru, m\u00e1 jemn\u00fd b\u00e9\u017eov\u00fd z\u00e1klad s jemn\u00fdmi a plynul\u00fdmi p\u0159\u00edrodn\u00edmi \u017eilkami, kde se miner\u00e1ln\u00ed skvrny a jemn\u00e9 \u017eilkov\u00e1n\u00ed plynule prol\u00ednaj\u00ed a vytv\u00e1\u0159ej\u00ed tepl\u00fd perle\u0165ov\u00fd lesk. Ka\u017ed\u00e1 dla\u017edice si zachov\u00e1v\u00e1 jedine\u010dn\u00e9 vlastnosti p\u0159\u00edrodn\u00edho kamene s jedine\u010dn\u00fdm rozlo\u017een\u00edm \u017eilek, kter\u00e9 dod\u00e1 ka\u017ed\u00e9mu prostoru p\u0159irozenou kr\u00e1su a vitalitu.<\/section><section><\/section><section><strong>V\u0161estrann\u00e9 metody pokl\u00e1dky pro rozmanit\u00e9 pot\u0159eby designu:<\/strong><\/section><ul><li><section><strong>Geometrick\u00fd vzor<\/strong>: P\u0159esn\u00e9 spojov\u00e1n\u00ed dla\u017edic r\u016fzn\u00fdch tvar\u016f pro vytvo\u0159en\u00ed n\u00e1dhern\u00fdch geometrick\u00fdch vzor\u016f. Jasn\u011b \u0159ezan\u00e9 hrany a jednotn\u00e9 sp\u00e1ry p\u0159in\u00e1\u0161ej\u00ed jednoduch\u00fd, ale stylov\u00fd vizu\u00e1ln\u00ed efekt, ide\u00e1ln\u00ed pro modern\u00ed minimalistick\u00e9 prostory.<\/section><\/li><li><section><strong>Vzor ryb\u00ed kost<\/strong>: Obd\u00e9ln\u00edkov\u00e9 dla\u017edice uspo\u0159\u00e1dan\u00e9 st\u0159\u00eddav\u011b v \u00fahlech 45\u00b0 tvo\u0159\u00ed symetrick\u00e9 n\u00e1stavce ve tvaru p\u00edsmene V s rytmick\u00fdm p\u016fvabem. Tento klasick\u00fd zp\u016fsob pokl\u00e1dky opticky prodlu\u017euje prostor a z\u00e1rove\u0148 dod\u00e1v\u00e1 podlaze dynamick\u00e9 linie.<\/section><\/li><li><section><strong>N\u00e1hodn\u00e1 mozaika<\/strong>: Dla\u017edice nepravideln\u00fdch tvar\u016f s p\u0159irozen\u011b lomen\u00fdmi hranami v kombinaci se sv\u011btlou sp\u00e1rovac\u00ed hmotou vytv\u00e1\u0159ej\u00ed rustik\u00e1ln\u00ed, a p\u0159esto sofistikovan\u00fd dekorativn\u00ed efekt. P\u0159irozen\u00fd p\u0159echod \u017eilek mezi dla\u017edicemi p\u0159edstavuje jedine\u010dnou um\u011bleckou kr\u00e1su.<\/section><\/li><li><section><strong>Tradi\u010dn\u00ed rovn\u00e9 polo\u017een\u00ed<\/strong>: Dla\u017edice standardn\u00edch rozm\u011br\u016f polo\u017een\u00e9 v uspo\u0159\u00e1d\u00e1n\u00ed, kter\u00e9 zv\u00fdraz\u0148uje p\u0159irozen\u00e9 \u017eilkov\u00e1n\u00ed kamene, ide\u00e1ln\u00ed pro velkoplo\u0161n\u00e9 podlahy, kter\u00e9 vytv\u00e1\u0159ej\u00ed jednotn\u00fd a harmonick\u00fd vizu\u00e1ln\u00ed efekt.<br \/><img fetchpriority=\"high\" decoding=\"async\" src=\"https:\/\/longjiagroup.com\/wp-content\/smush-webp\/2025\/12\/\u897f\u5948\u73cd\u73e0-17-1-300x225.jpg.webp\" alt=\"\" width=\"300\" height=\"225\" data-smush-webp-fallback=\"{&quot;src&quot;:&quot;https:\\\/\\\/longjiagroup.com\\\/wp-content\\\/uploads\\\/2025\\\/12\\\/\\u897f\\u5948\\u73cd\\u73e0-17-1-300x225.jpg&quot;}\" \/><\/section><\/li><\/ul><section><strong>Vynikaj\u00edc\u00ed v\u00fdkon a odolnost:<\/strong><\/section><ul><li><section>Odoln\u00e9 proti opot\u0159eben\u00ed a tlaku, vhodn\u00e9 pro vysoce frekventovan\u00e9 prostory.<\/section><\/li><li><section>Speci\u00e1ln\u00ed povrchov\u00e1 \u00faprava zaji\u0161\u0165uje vynikaj\u00edc\u00ed protiskluzov\u00e9 vlastnosti pro bezpe\u010dnost<\/section><\/li><li><section>Snadno se \u010dist\u00ed a udr\u017euje, pouh\u00fdm ot\u0159en\u00edm vlhk\u00fdm had\u0159\u00edkem z\u016fstane z\u00e1\u0159iv\u00fd jako nov\u00fd.<\/section><\/li><li><section>Odolnost v\u016f\u010di kyselin\u00e1m a z\u00e1sad\u00e1m, siln\u00e1 odolnost v\u016f\u010di skvrn\u00e1m, zachov\u00e1n\u00ed st\u00e1losti barvy v pr\u016fb\u011bhu \u010dasu.<\/section><\/li><\/ul><section><strong>\u0160irok\u00e9 sc\u00e9n\u00e1\u0159e pou\u017eit\u00ed:<\/strong><\/section><ul><li><section><strong>Ob\u00fdvac\u00ed pokoj<\/strong>: Geometrick\u00fd vzor nebo polo\u017een\u00ed ryb\u00ed kosti povy\u0161uje prostor a st\u00e1v\u00e1 se vizu\u00e1ln\u00edm st\u0159edobodem.<\/section><\/li><li><section><strong>Lo\u017enice<\/strong>: N\u00e1hodn\u00e1 mozaika nebo rovn\u00e1 vrstva vytv\u00e1\u0159\u00ed tepl\u00e9 a p\u0159\u00edjemn\u00e9 prost\u0159ed\u00ed pro odpo\u010dinek.<\/section><\/li><li><section><strong>Koupelna<\/strong>: Protiskluzov\u00e1 \u00faprava zaji\u0161\u0165uje bezpe\u010dnost p\u0159i zachov\u00e1n\u00ed prvot\u0159\u00eddn\u00ed textury<\/section><\/li><li><section><strong>Funk\u010dn\u00ed st\u011bna<\/strong>: Velkoform\u00e1tov\u00e9 obklady nebo speci\u00e1ln\u00ed vzory vytv\u00e1\u0159ej\u00ed um\u011bleck\u00e9 povrchy st\u011bn.<\/section><\/li><li><section><strong>Komer\u010dn\u00ed prostory<\/strong>: Hotelov\u00e9 lobby, \u0161pi\u010dkov\u00e9 showroomy a dal\u0161\u00ed ve\u0159ejn\u00e9 prostory pro zlep\u0161en\u00ed image zna\u010dky.<\/section><\/li><\/ul><section>Mramorov\u00e1 dla\u017eba Sinai Pearl dokonale kombinuje p\u0159\u00edrodn\u00ed kr\u00e1su s vynikaj\u00edc\u00edm \u0159emesln\u00fdm zpracov\u00e1n\u00edm a bez probl\u00e9m\u016f se za\u010dlen\u00ed do modern\u00edch minimalistick\u00fdch, elegantn\u00edch luxusn\u00edch nebo nov\u00fdch \u010d\u00ednsk\u00fdch prostor. Je ide\u00e1ln\u00ed volbou pro ty, kte\u0159\u00ed usiluj\u00ed o prvot\u0159\u00eddn\u00ed kvalitu bydlen\u00ed.<\/section><section><p><div style=\"width: 408px;\" class=\"wp-video\"><video class=\"wp-video-shortcode\" id=\"video-2081-1\" width=\"408\" height=\"960\" preload=\"metadata\" controls=\"controls\"><source type=\"video\/mp4\" src=\"https:\/\/longjiagroup.com\/wp-content\/uploads\/2025\/12\/\u897f\u5948\u73cd\u73e0-1.mp4?_=1\" \/><a href=\"https:\/\/longjiagroup.com\/wp-content\/uploads\/2025\/12\/\u897f\u5948\u73cd\u73e0-1.mp4\">https:\/\/longjiagroup.com\/wp-content\/uploads\/2025\/12\/\u897f\u5948\u73cd\u73e0-1.mp4<\/a><\/video><\/div><\/p><\/section>\t\t\t\t\t\t\t\t<\/div>\n\t\t\t\t\t<\/div>\n\t\t\t\t<\/div>\n\t\t<div data-particle_enable=\"false\" data-particle-mobile-disabled=\"false\" class=\"elementor-element elementor-element-8638831 e-flex e-con-boxed e-con e-parent\" data-id=\"8638831\" data-element_type=\"container\" data-settings=\"{&quot;ekit_has_onepagescroll_dot&quot;:&quot;yes&quot;}\">\n\t\t\t\t\t<div class=\"e-con-inner\">\n\t\t\t\t<div class=\"elementor-element elementor-element-08de91d elementor-widget-divider--view-line elementor-widget elementor-widget-divider\" data-id=\"08de91d\" data-element_type=\"widget\" data-settings=\"{&quot;ekit_we_effect_on&quot;:&quot;none&quot;}\" data-widget_type=\"divider.default\">\n\t\t\t\t\t\t\t<div class=\"elementor-divider\">\n\t\t\t<span class=\"elementor-divider-separator\">\n\t\t\t\t\t\t<\/span>\n\t\t<\/div>\n\t\t\t\t\t\t<\/div>\n\t\t\t\t\t<\/div>\n\t\t\t\t<\/div>\n\t\t<div data-particle_enable=\"false\" data-particle-mobile-disabled=\"false\" class=\"elementor-element elementor-element-9d31126 e-flex e-con-boxed e-con e-parent\" data-id=\"9d31126\" data-element_type=\"container\" data-settings=\"{&quot;ekit_has_onepagescroll_dot&quot;:&quot;yes&quot;}\">\n\t\t\t\t\t<div class=\"e-con-inner\">\n\t\t\t\t<div class=\"elementor-element elementor-element-882dfdb elementor-widget elementor-widget-heading\" data-id=\"882dfdb\" data-element_type=\"widget\" data-settings=\"{&quot;ekit_we_effect_on&quot;:&quot;none&quot;}\" data-widget_type=\"heading.default\">\n\t\t\t\t\t<h2 class=\"elementor-heading-title elementor-size-default\">Kontaktujte n\u00e1s<\/h2>\t\t\t\t<\/div>\n\t\t\t\t\t<\/div>\n\t\t\t\t<\/div>\n\t\t<div data-particle_enable=\"false\" data-particle-mobile-disabled=\"false\" class=\"elementor-element elementor-element-c52cea4 e-flex e-con-boxed e-con e-parent\" data-id=\"c52cea4\" data-element_type=\"container\" data-settings=\"{&quot;ekit_has_onepagescroll_dot&quot;:&quot;yes&quot;}\">\n\t\t\t\t\t<div class=\"e-con-inner\">\n\t\t\t\t<div class=\"elementor-element elementor-element-2eda7eb elementor-widget elementor-widget-shortcode\" data-id=\"2eda7eb\" data-element_type=\"widget\" data-settings=\"{&quot;ekit_we_effect_on&quot;:&quot;none&quot;}\" data-widget_type=\"shortcode.default\">\n\t\t\t\t\t\t\t<div class=\"elementor-shortcode\"><div class=\"wpforms-container\" id=\"wpforms-13\"><form id=\"wpforms-form-13\" class=\"wpforms-validate wpforms-form wpforms-ajax-form\" data-formid=\"13\" method=\"post\" enctype=\"multipart\/form-data\" action=\"\/cs\/wp-json\/wp\/v2\/product\/2081\" data-token=\"cdef49fe109ed874a4ca3a82f5f2b215\" data-token-time=\"1776101695\" data-trp-original-action=\"\/cs\/wp-json\/wp\/v2\/product\/2081\"><noscript class=\"wpforms-error-noscript\">Chcete-li vyplnit tento formul\u00e1\u0159, pros\u00edm povolte v prohl\u00ed\u017ee\u010di JavaScript.<\/noscript><div class=\"wpforms-field-container\"><div id=\"wpforms-13-field_0-container\" class=\"wpforms-field wpforms-field-name\" data-field-id=\"0\"><label class=\"wpforms-field-label\" for=\"wpforms-13-field_0\">N\u00e1zev <span class=\"wpforms-required-label\">*<\/span><\/label><input type=\"text\" id=\"wpforms-13-field_0\" class=\"wpforms-field-large wpforms-field-required\" name=\"wpforms[fields][0]\" required><\/div><div id=\"wpforms-13-field_1-container\" class=\"wpforms-field wpforms-field-email\" data-field-id=\"1\"><label class=\"wpforms-field-label\" for=\"wpforms-13-field_1\">E-mail <span class=\"wpforms-required-label\">*<\/span><\/label><input type=\"email\" id=\"wpforms-13-field_1\" class=\"wpforms-field-large wpforms-field-required\" name=\"wpforms[fields][1]\" spellcheck=\"false\" required><\/div><div id=\"wpforms-13-field_3-container\" class=\"wpforms-field wpforms-field-text\" data-field-id=\"3\"><label class=\"wpforms-field-label\" for=\"wpforms-13-field_3\">Telefon\/WhatsAPP\/WeChat <span class=\"wpforms-required-label\">*<\/span><\/label><input type=\"text\" id=\"wpforms-13-field_3\" class=\"wpforms-field-large wpforms-field-required\" name=\"wpforms[fields][3]\" required><\/div><div id=\"wpforms-13-field_2-container\" class=\"wpforms-field wpforms-field-textarea\" data-field-id=\"2\"><label class=\"wpforms-field-label\" for=\"wpforms-13-field_2\">Koment\u00e1\u0159 nebo zpr\u00e1va <span class=\"wpforms-required-label\">*<\/span><\/label><textarea id=\"wpforms-13-field_2\" class=\"wpforms-field-medium wpforms-field-required\" name=\"wpforms[fields][2]\" required><\/textarea><\/div><\/div><!-- .wpforms-field-container --><div class=\"wpforms-submit-container\" ><input type=\"hidden\" name=\"wpforms[id]\" value=\"13\"><input type=\"hidden\" name=\"page_title\" value=\"\"><input type=\"hidden\" name=\"page_url\" value=\"https:\/\/longjiagroup.com\/cs\/wp-json\/wp\/v2\/product\/2081\"><input type=\"hidden\" name=\"url_referer\" value=\"\"><button type=\"submit\" name=\"wpforms[submit]\" id=\"wpforms-submit-13\" class=\"wpforms-submit\" data-alt-text=\"Sending...\" data-submit-text=\"Send Message\" aria-live=\"assertive\" value=\"wpforms-submit\">Odeslat zpr\u00e1vu<\/button><img decoding=\"async\" data-src=\"https:\/\/longjiagroup.com\/wp-content\/plugins\/wpforms-lite\/assets\/images\/submit-spin.svg\" class=\"wpforms-submit-spinner lazyload\" style=\"--smush-placeholder-width: 26px; --smush-placeholder-aspect-ratio: 26\/26;display: none;\" width=\"26\" height=\"26\" alt=\"Na\u010d\u00edt\u00e1n\u00ed\" src=\"data:image\/svg+xml;base64,PHN2ZyB3aWR0aD0iMSIgaGVpZ2h0PSIxIiB4bWxucz0iaHR0cDovL3d3dy53My5vcmcvMjAwMC9zdmciPjwvc3ZnPg==\"><\/div><input type=\"hidden\" name=\"trp-form-language\" value=\"cs\"\/><\/form><\/div>  <!-- .wpforms-container --><\/div>\n\t\t\t\t\t\t<\/div>\n\t\t\t\t\t<\/div>\n\t\t\t\t<\/div>\n\t\t\t\t<\/div>","protected":false},"excerpt":{"rendered":"<p>Pr\u00e9miov\u00e9 mramorov\u00e9 dla\u017edice Sinai Pearl s jemn\u00fdmi p\u0159\u00edrodn\u00edmi \u017eilkami a teplou nefritovou barvou jsou ide\u00e1ln\u00ed pro \u0161pi\u010dkov\u00e9 interi\u00e9rov\u00e9 dekorace, kter\u00e9 dodaj\u00ed ka\u017ed\u00e9mu prostoru elegantn\u00ed n\u00e1dech.<\/p>","protected":false},"featured_media":2083,"template":"","meta":{"site-sidebar-layout":"default","site-content-layout":"","ast-site-content-layout":"default","site-content-style":"default","site-sidebar-style":"default","ast-global-header-display":"","ast-banner-title-visibility":"","ast-main-header-display":"","ast-hfb-above-header-display":"","ast-hfb-below-header-display":"","ast-hfb-mobile-header-display":"","site-post-title":"","ast-breadcrumbs-content":"","ast-featured-img":"","footer-sml-layout":"","theme-transparent-header-meta":"default","adv-header-id-meta":"","stick-header-meta":"","header-above-stick-meta":"","header-main-stick-meta":"","header-below-stick-meta":"","astra-migrate-meta-layouts":"set","ast-page-background-enabled":"default","ast-page-background-meta":{"desktop":{"background-color":"var(--ast-global-color-4)","background-image":"","background-repeat":"repeat","background-position":"center center","background-size":"auto","background-attachment":"scroll","background-type":"","background-media":"","overlay-type":"","overlay-color":"","overlay-gradient":""},"tablet":{"background-color":"","background-image":"","background-repeat":"repeat","background-position":"center center","background-size":"auto","background-attachment":"scroll","background-type":"","background-media":"","overlay-type":"","overlay-color":"","overlay-gradient":""},"mobile":{"background-color":"","background-image":"","background-repeat":"repeat","background-position":"center center","background-size":"auto","background-attachment":"scroll","background-type":"","background-media":"","overlay-type":"","overlay-color":"","overlay-gradient":""}},"ast-content-background-meta":{"desktop":{"background-color":"var(--ast-global-color-5)","background-image":"","background-repeat":"repeat","background-position":"center center","background-size":"auto","background-attachment":"scroll","background-type":"","background-media":"","overlay-type":"","overlay-color":"","overlay-gradient":""},"tablet":{"background-color":"var(--ast-global-color-5)","background-image":"","background-repeat":"repeat","background-position":"center center","background-size":"auto","background-attachment":"scroll","background-type":"","background-media":"","overlay-type":"","overlay-color":"","overlay-gradient":""},"mobile":{"background-color":"var(--ast-global-color-5)","background-image":"","background-repeat":"repeat","background-position":"center center","background-size":"auto","background-attachment":"scroll","background-type":"","background-media":"","overlay-type":"","overlay-color":"","overlay-gradient":""}}},"product_brand":[],"product_cat":[15,35],"product_tag":[],"class_list":{"0":"post-2081","1":"product","2":"type-product","3":"status-publish","4":"has-post-thumbnail","6":"product_cat-all-types","7":"product_cat-sinai-pearl","8":"desktop-align-left","9":"tablet-align-left","10":"mobile-align-left","11":"ast-product-gallery-layout-horizontal-slider","12":"ast-magnify-disabled","13":"ast-product-tabs-layout-horizontal","15":"first","16":"instock","17":"shipping-taxable","18":"product-type-simple"},"_links":{"self":[{"href":"https:\/\/longjiagroup.com\/cs\/wp-json\/wp\/v2\/product\/2081","targetHints":{"allow":["GET"]}}],"collection":[{"href":"https:\/\/longjiagroup.com\/cs\/wp-json\/wp\/v2\/product"}],"about":[{"href":"https:\/\/longjiagroup.com\/cs\/wp-json\/wp\/v2\/types\/product"}],"version-history":[{"count":7,"href":"https:\/\/longjiagroup.com\/cs\/wp-json\/wp\/v2\/product\/2081\/revisions"}],"predecessor-version":[{"id":2541,"href":"https:\/\/longjiagroup.com\/cs\/wp-json\/wp\/v2\/product\/2081\/revisions\/2541"}],"wp:featuredmedia":[{"embeddable":true,"href":"https:\/\/longjiagroup.com\/cs\/wp-json\/wp\/v2\/media\/2083"}],"wp:attachment":[{"href":"https:\/\/longjiagroup.com\/cs\/wp-json\/wp\/v2\/media?parent=2081"}],"wp:term":[{"taxonomy":"product_brand","embeddable":true,"href":"https:\/\/longjiagroup.com\/cs\/wp-json\/wp\/v2\/product_brand?post=2081"},{"taxonomy":"product_cat","embeddable":true,"href":"https:\/\/longjiagroup.com\/cs\/wp-json\/wp\/v2\/product_cat?post=2081"},{"taxonomy":"product_tag","embeddable":true,"href":"https:\/\/longjiagroup.com\/cs\/wp-json\/wp\/v2\/product_tag?post=2081"}],"curies":[{"name":"wp","href":"https:\/\/api.w.org\/{rel}","templated":true}]}}