{"id":2275,"date":"2025-12-25T02:57:35","date_gmt":"2025-12-25T02:57:35","guid":{"rendered":"https:\/\/luxuryfactory.top\/?post_type=product&#038;p=2275"},"modified":"2025-12-27T03:05:00","modified_gmt":"2025-12-27T03:05:00","slug":"bvlgari-bily-mramor-premiova-volba-pro-spickovou-architektonickou-vyzdobu","status":"publish","type":"product","link":"https:\/\/longjiagroup.com\/cs\/produkt\/bvlgari-bily-mramor-premiova-volba-pro-spickovou-architektonickou-vyzdobu\/","title":{"rendered":"B\u00edl\u00fd mramor Bvlgari | Pr\u00e9miov\u00e1 volba pro luxusn\u00ed architektonick\u00e9 dekorace"},"content":{"rendered":"<section class=\"ybc-p\">\n<p data-start=\"515\" data-end=\"838\">B\u00edl\u00fd mramor Bvlgari je pe\u010dliv\u011b vyb\u00edr\u00e1n z vysoce kvalitn\u00edho p\u0159\u00edrodn\u00edho kamene a odborn\u011b zpracov\u00e1v\u00e1n pro dosa\u017een\u00ed rafinovan\u00e9 povrchov\u00e9 \u00fapravy. Vyzna\u010duje se \u010dist\u00fdm b\u00edl\u00fdm pozad\u00edm zv\u00fdrazn\u011bn\u00fdm jemn\u00fdm, plynul\u00fdm p\u0159\u00edrodn\u00edm \u017eilkov\u00e1n\u00edm, kde se miner\u00e1ln\u00ed krystaly harmonicky m\u00eds\u00ed s jemnou texturou a vytv\u00e1\u0159ej\u00ed tak sofistikovan\u00fd a luxusn\u00ed vzhled.<\/p>\n<p data-start=\"840\" data-end=\"1025\">Ka\u017ed\u00e1 deska si zachov\u00e1v\u00e1 sv\u00e9 p\u0159irozen\u00e9 vlastnosti s jedine\u010dn\u00fdmi vzory \u017eilkov\u00e1n\u00ed, d\u00edky nim\u017e je ka\u017ed\u00fd kus jedine\u010dn\u00fd a dod\u00e1v\u00e1 architektonick\u00fdm prostor\u016fm pocit vitality a p\u0159irozen\u00e9 elegance.<\/p>\n<h3 data-start=\"1027\" data-end=\"1049\">Vlastnosti produktu<\/h3>\n<ul data-start=\"1050\" data-end=\"1620\">\n<li data-start=\"1050\" data-end=\"1159\">\n<p data-start=\"1052\" data-end=\"1159\"><strong data-start=\"1052\" data-end=\"1071\">\u010cist\u00fd barevn\u00fd t\u00f3n<\/strong>: Dlouhotrvaj\u00edc\u00ed b\u00edl\u00fd z\u00e1klad se st\u00e1l\u00fdm zabarven\u00edm, kter\u00fd si udr\u017euje svou kr\u00e1su po dlouhou dobu.<\/p>\n<\/li>\n<li data-start=\"1160\" data-end=\"1264\">\n<p data-start=\"1162\" data-end=\"1264\"><strong data-start=\"1162\" data-end=\"1181\">P\u0159\u00edrodn\u00ed \u017eilkov\u00e1n\u00ed<\/strong>: Jedine\u010dn\u00e9 a p\u0159irozen\u011b plynouc\u00ed vzory na ka\u017ed\u00e9 desce, kter\u00e9 odr\u00e1\u017eej\u00ed prvot\u0159\u00eddn\u00ed kvalitu.<\/p>\n<\/li>\n<li data-start=\"1265\" data-end=\"1383\">\n<p data-start=\"1267\" data-end=\"1383\"><strong data-start=\"1267\" data-end=\"1291\">V\u00fdjime\u010dn\u00e1 tvrdost<\/strong>: Vysok\u00e1 pevnost v tlaku a vynikaj\u00edc\u00ed odolnost proti opot\u0159eben\u00ed, vhodn\u00e9 pro vysoce frekventovan\u00e9 plochy.<\/p>\n<\/li>\n<li data-start=\"1384\" data-end=\"1497\">\n<p data-start=\"1386\" data-end=\"1497\"><strong data-start=\"1386\" data-end=\"1410\">Vynikaj\u00edc\u00ed zpracovatelnost<\/strong>: Snadno se \u0159e\u017ee, vy\u0159ez\u00e1v\u00e1 a le\u0161t\u00ed, spl\u0148uje r\u016fzn\u00e9 po\u017eadavky na design a v\u00fdrobu.<\/p>\n<\/li>\n<li data-start=\"1498\" data-end=\"1620\">\n<p data-start=\"1500\" data-end=\"1620\"><strong data-start=\"1500\" data-end=\"1527\">Siln\u00e1 odolnost proti skvrn\u00e1m<\/strong>: Hust\u00fd povrch s n\u00edzkou nas\u00e1kavost\u00ed, d\u00edky kter\u00e9mu je ka\u017edodenn\u00ed \u010di\u0161t\u011bn\u00ed a \u00fadr\u017eba bezprobl\u00e9mov\u00e1.<\/p>\n<\/li>\n<\/ul>\n<h3 data-start=\"1622\" data-end=\"1645\">Hlavn\u00ed aplikace<\/h3>\n<ul data-start=\"1646\" data-end=\"2184\">\n<li data-start=\"1646\" data-end=\"1792\">\n<p data-start=\"1648\" data-end=\"1792\"><strong data-start=\"1648\" data-end=\"1668\">Fas\u00e1dy budov<\/strong>: Velkoplo\u0161n\u00e9 instalace umoc\u0148uj\u00ed architektonickou p\u0159\u00edtomnost a b\u00edl\u00fd povrch se v p\u0159irozen\u00e9m sv\u011btle skv\u011ble leskne.<\/p>\n<\/li>\n<li data-start=\"1793\" data-end=\"1913\">\n<p data-start=\"1795\" data-end=\"1913\"><strong data-start=\"1795\" data-end=\"1821\">Vnit\u0159n\u00ed obklady st\u011bn<\/strong>: Ide\u00e1ln\u00ed pro st\u011bny a sloupy, kter\u00e9 vytv\u00e1\u0159ej\u00ed elegantn\u00ed a rafinovanou atmosf\u00e9ru interi\u00e9ru.<\/p>\n<\/li>\n<li data-start=\"1914\" data-end=\"2054\">\n<p data-start=\"1916\" data-end=\"2054\"><strong data-start=\"1916\" data-end=\"1951\">Desky a svisl\u00e9 povrchy<\/strong>: Recep\u010dn\u00ed stoly, barov\u00e9 pulty, toaletn\u00ed desky a dal\u0161\u00ed v\u00fdrobky s jemn\u011b opracovan\u00fdmi hranami a prvot\u0159\u00eddn\u00edm dojmem.<\/p>\n<\/li>\n<li data-start=\"2055\" data-end=\"2184\">\n<p data-start=\"2057\" data-end=\"2184\"><strong data-start=\"2057\" data-end=\"2078\">Komer\u010dn\u00ed prostory<\/strong>: Luxusn\u00ed hotely, \u0161pi\u010dkov\u00e9 kancel\u00e1\u0159sk\u00e9 budovy a butikov\u00e9 maloobchodn\u00ed prodejny, kter\u00e9 zvy\u0161uj\u00ed celkovou kvalitu designu.<\/p>\n<\/li>\n<\/ul>\n<p data-start=\"2186\" data-end=\"2491\">Bvlgari White Marble dokonale spojuje kr\u00e1su p\u0159\u00edrody s vynikaj\u00edc\u00edm \u0159emesln\u00fdm zpracov\u00e1n\u00edm. A\u0165 u\u017e se uplatn\u00ed v modern\u00edm minimalistick\u00e9m, seversky inspirovan\u00e9m nebo lehk\u00e9m luxusn\u00edm interi\u00e9ru, bez probl\u00e9m\u016f se za\u010dlen\u00ed do jak\u00e9hokoli prostoru a nab\u00edz\u00ed \u0161pi\u010dkov\u00e9 a spolehliv\u00e9 \u0159e\u0161en\u00ed pro architektonick\u00e9 a dekorativn\u00ed projekty.<\/p>\n<div style=\"width: 720px;\" class=\"wp-video\"><video class=\"wp-video-shortcode\" id=\"video-2275-1\" width=\"720\" height=\"1280\" preload=\"metadata\" controls=\"controls\"><source type=\"video\/mp4\" src=\"https:\/\/longjiagroup.com\/wp-content\/uploads\/2025\/12\/bai.mp4?_=1\" \/><a href=\"https:\/\/longjiagroup.com\/wp-content\/uploads\/2025\/12\/bai.mp4\">https:\/\/longjiagroup.com\/wp-content\/uploads\/2025\/12\/bai.mp4<\/a><\/video><\/div>\n<p data-start=\"2186\" data-end=\"2491\">\n<\/section>","protected":false},"excerpt":{"rendered":"<p>B\u00edl\u00fd mramor Bvlgari je proslul\u00fd sv\u00fdm \u010dist\u00fdm a elegantn\u00edm b\u00edl\u00fdm z\u00e1kladem v kombinaci s jemn\u00fdm p\u0159\u00edrodn\u00edm \u017eilkov\u00e1n\u00edm. D\u00edky vynikaj\u00edc\u00ed tvrdosti a odolnosti je ide\u00e1ln\u00ed pro \u0161pi\u010dkovou architektonickou v\u00fdzdobu, obklady st\u011bn v interi\u00e9ru, pracovn\u00ed desky a \u0161irokou \u0161k\u00e1lu pr\u00e9miov\u00fdch aplikac\u00ed.<\/p>","protected":false},"featured_media":2501,"template":"","meta":{"site-sidebar-layout":"default","site-content-layout":"","ast-site-content-layout":"default","site-content-style":"default","site-sidebar-style":"default","ast-global-header-display":"","ast-banner-title-visibility":"","ast-main-header-display":"","ast-hfb-above-header-display":"","ast-hfb-below-header-display":"","ast-hfb-mobile-header-display":"","site-post-title":"","ast-breadcrumbs-content":"","ast-featured-img":"","footer-sml-layout":"","theme-transparent-header-meta":"default","adv-header-id-meta":"","stick-header-meta":"","header-above-stick-meta":"","header-main-stick-meta":"","header-below-stick-meta":"","astra-migrate-meta-layouts":"set","ast-page-background-enabled":"default","ast-page-background-meta":{"desktop":{"background-color":"var(--ast-global-color-4)","background-image":"","background-repeat":"repeat","background-position":"center center","background-size":"auto","background-attachment":"scroll","background-type":"","background-media":"","overlay-type":"","overlay-color":"","overlay-gradient":""},"tablet":{"background-color":"","background-image":"","background-repeat":"repeat","background-position":"center center","background-size":"auto","background-attachment":"scroll","background-type":"","background-media":"","overlay-type":"","overlay-color":"","overlay-gradient":""},"mobile":{"background-color":"","background-image":"","background-repeat":"repeat","background-position":"center center","background-size":"auto","background-attachment":"scroll","background-type":"","background-media":"","overlay-type":"","overlay-color":"","overlay-gradient":""}},"ast-content-background-meta":{"desktop":{"background-color":"var(--ast-global-color-5)","background-image":"","background-repeat":"repeat","background-position":"center center","background-size":"auto","background-attachment":"scroll","background-type":"","background-media":"","overlay-type":"","overlay-color":"","overlay-gradient":""},"tablet":{"background-color":"var(--ast-global-color-5)","background-image":"","background-repeat":"repeat","background-position":"center center","background-size":"auto","background-attachment":"scroll","background-type":"","background-media":"","overlay-type":"","overlay-color":"","overlay-gradient":""},"mobile":{"background-color":"var(--ast-global-color-5)","background-image":"","background-repeat":"repeat","background-position":"center center","background-size":"auto","background-attachment":"scroll","background-type":"","background-media":"","overlay-type":"","overlay-color":"","overlay-gradient":""}}},"product_brand":[],"product_cat":[15,41],"product_tag":[],"class_list":{"0":"post-2275","1":"product","2":"type-product","3":"status-publish","4":"has-post-thumbnail","6":"product_cat-all-types","7":"product_cat-bvlgari-white","8":"desktop-align-left","9":"tablet-align-left","10":"mobile-align-left","11":"ast-product-gallery-layout-horizontal-slider","12":"ast-magnify-disabled","13":"ast-product-tabs-layout-horizontal","15":"first","16":"instock","17":"shipping-taxable","18":"product-type-simple"},"_links":{"self":[{"href":"https:\/\/longjiagroup.com\/cs\/wp-json\/wp\/v2\/product\/2275","targetHints":{"allow":["GET"]}}],"collection":[{"href":"https:\/\/longjiagroup.com\/cs\/wp-json\/wp\/v2\/product"}],"about":[{"href":"https:\/\/longjiagroup.com\/cs\/wp-json\/wp\/v2\/types\/product"}],"version-history":[{"count":3,"href":"https:\/\/longjiagroup.com\/cs\/wp-json\/wp\/v2\/product\/2275\/revisions"}],"predecessor-version":[{"id":2392,"href":"https:\/\/longjiagroup.com\/cs\/wp-json\/wp\/v2\/product\/2275\/revisions\/2392"}],"wp:featuredmedia":[{"embeddable":true,"href":"https:\/\/longjiagroup.com\/cs\/wp-json\/wp\/v2\/media\/2501"}],"wp:attachment":[{"href":"https:\/\/longjiagroup.com\/cs\/wp-json\/wp\/v2\/media?parent=2275"}],"wp:term":[{"taxonomy":"product_brand","embeddable":true,"href":"https:\/\/longjiagroup.com\/cs\/wp-json\/wp\/v2\/product_brand?post=2275"},{"taxonomy":"product_cat","embeddable":true,"href":"https:\/\/longjiagroup.com\/cs\/wp-json\/wp\/v2\/product_cat?post=2275"},{"taxonomy":"product_tag","embeddable":true,"href":"https:\/\/longjiagroup.com\/cs\/wp-json\/wp\/v2\/product_tag?post=2275"}],"curies":[{"name":"wp","href":"https:\/\/api.w.org\/{rel}","templated":true}]}}