{"id":2275,"date":"2025-12-25T02:57:35","date_gmt":"2025-12-25T02:57:35","guid":{"rendered":"https:\/\/luxuryfactory.top\/?post_type=product&#038;p=2275"},"modified":"2025-12-27T03:05:00","modified_gmt":"2025-12-27T03:05:00","slug":"bvlgari-weiser-marmor-erste-wahl-fur-hochwertige-architektonische-dekoration","status":"publish","type":"product","link":"https:\/\/longjiagroup.com\/de\/produkt\/bvlgari-weiser-marmor-erste-wahl-fur-hochwertige-architektonische-dekoration\/","title":{"rendered":"Bvlgari Wei\u00dfer Marmor | Die erste Wahl f\u00fcr hochwertige architektonische Dekorationen"},"content":{"rendered":"<section class=\"ybc-p\">\n<p data-start=\"515\" data-end=\"838\">Bvlgari White Marble wird sorgf\u00e4ltig aus hochwertigem Naturstein ausgew\u00e4hlt und fachm\u00e4nnisch verarbeitet, um ein raffiniertes Finish zu erzielen. Er zeichnet sich durch einen sauberen wei\u00dfen Hintergrund aus, der durch weiche, flie\u00dfende nat\u00fcrliche \u00c4derungen akzentuiert wird. Mineralkristalle verschmelzen harmonisch mit sanften Texturen, um ein anspruchsvolles und luxuri\u00f6ses Erscheinungsbild zu schaffen.<\/p>\n<p data-start=\"840\" data-end=\"1025\">Jede Platte beh\u00e4lt ihre nat\u00fcrlichen Eigenschaften, mit einzigartigen Maserungsmustern, die jedes St\u00fcck zu einem Unikat machen und architektonischen R\u00e4umen ein Gef\u00fchl von Vitalit\u00e4t und nat\u00fcrlicher Eleganz verleihen.<\/p>\n<h3 data-start=\"1027\" data-end=\"1049\">Produktmerkmale<\/h3>\n<ul data-start=\"1050\" data-end=\"1620\">\n<li data-start=\"1050\" data-end=\"1159\">\n<p data-start=\"1052\" data-end=\"1159\"><strong data-start=\"1052\" data-end=\"1071\">Reine Farbkl\u00e4nge<\/strong>: Eine langlebige wei\u00dfe Basis mit stabiler F\u00e4rbung, die ihre Sch\u00f6nheit \u00fcber lange Zeit beibeh\u00e4lt<\/p>\n<\/li>\n<li data-start=\"1160\" data-end=\"1264\">\n<p data-start=\"1162\" data-end=\"1264\"><strong data-start=\"1162\" data-end=\"1181\">Nat\u00fcrliche Aderung<\/strong>: Einzigartige und nat\u00fcrlich flie\u00dfende Muster auf jeder Platte, die von h\u00f6chster Qualit\u00e4t zeugen<\/p>\n<\/li>\n<li data-start=\"1265\" data-end=\"1383\">\n<p data-start=\"1267\" data-end=\"1383\"><strong data-start=\"1267\" data-end=\"1291\">Au\u00dfergew\u00f6hnliche H\u00e4rte<\/strong>: Hohe Druckfestigkeit und ausgezeichnete Verschlei\u00dffestigkeit, geeignet f\u00fcr stark beanspruchte Bereiche<\/p>\n<\/li>\n<li data-start=\"1384\" data-end=\"1497\">\n<p data-start=\"1386\" data-end=\"1497\"><strong data-start=\"1386\" data-end=\"1410\">Hervorragende Verarbeitbarkeit<\/strong>: Leicht zu schneiden, zu schnitzen und zu polieren, erf\u00fcllt verschiedene Design- und Fertigungsanforderungen<\/p>\n<\/li>\n<li data-start=\"1498\" data-end=\"1620\">\n<p data-start=\"1500\" data-end=\"1620\"><strong data-start=\"1500\" data-end=\"1527\">Starke Fleckenbest\u00e4ndigkeit<\/strong>: Dichte Oberfl\u00e4che mit geringer Wasseraufnahme, was die t\u00e4gliche Reinigung und Pflege m\u00fchelos macht<\/p>\n<\/li>\n<\/ul>\n<h3 data-start=\"1622\" data-end=\"1645\">Wichtigste Anwendungen<\/h3>\n<ul data-start=\"1646\" data-end=\"2184\">\n<li data-start=\"1646\" data-end=\"1792\">\n<p data-start=\"1648\" data-end=\"1792\"><strong data-start=\"1648\" data-end=\"1668\">Geb\u00e4udefassaden<\/strong>: Gro\u00dffl\u00e4chige Installationen verst\u00e4rken die architektonische Pr\u00e4senz, wobei die wei\u00dfe Oberfl\u00e4che bei Tageslicht brillant leuchtet<\/p>\n<\/li>\n<li data-start=\"1793\" data-end=\"1913\">\n<p data-start=\"1795\" data-end=\"1913\"><strong data-start=\"1795\" data-end=\"1821\">Wandverkleidungen innen<\/strong>: Ideal f\u00fcr dekorative W\u00e4nde und S\u00e4ulen, die eine elegante und raffinierte Innenatmosph\u00e4re schaffen<\/p>\n<\/li>\n<li data-start=\"1914\" data-end=\"2054\">\n<p data-start=\"1916\" data-end=\"2054\"><strong data-start=\"1916\" data-end=\"1951\">Arbeitsplatten und vertikale Oberfl\u00e4chen<\/strong>: Empfangstheken, Bartheken, Waschtischplatten und mehr, mit fein gearbeiteten Kanten und einer hochwertigen Anmutung<\/p>\n<\/li>\n<li data-start=\"2055\" data-end=\"2184\">\n<p data-start=\"2057\" data-end=\"2184\"><strong data-start=\"2057\" data-end=\"2078\">Kommerzielle R\u00e4ume<\/strong>: Luxushotels, hochwertige B\u00fcrogeb\u00e4ude und Boutique-Einzelhandelsgesch\u00e4fte, die die allgemeine Designqualit\u00e4t erh\u00f6hen<\/p>\n<\/li>\n<\/ul>\n<p data-start=\"2186\" data-end=\"2491\">Der wei\u00dfe Marmor von Bvlgari verbindet die Sch\u00f6nheit der Natur perfekt mit exquisiter Handwerkskunst. Ob in modernen minimalistischen, nordisch inspirierten oder leicht luxuri\u00f6sen Inneneinrichtungen, er f\u00fcgt sich nahtlos in jeden Raum ein und bietet eine hochwertige und zuverl\u00e4ssige L\u00f6sung f\u00fcr architektonische und dekorative Projekte.<\/p>\n<div style=\"width: 720px;\" class=\"wp-video\"><video class=\"wp-video-shortcode\" id=\"video-2275-1\" width=\"720\" height=\"1280\" preload=\"metadata\" controls=\"controls\"><source type=\"video\/mp4\" src=\"https:\/\/longjiagroup.com\/wp-content\/uploads\/2025\/12\/bai.mp4?_=1\" \/><a href=\"https:\/\/longjiagroup.com\/wp-content\/uploads\/2025\/12\/bai.mp4\">https:\/\/longjiagroup.com\/wp-content\/uploads\/2025\/12\/bai.mp4<\/a><\/video><\/div>\n<p data-start=\"2186\" data-end=\"2491\">\n<\/section>","protected":false},"excerpt":{"rendered":"<p>Der wei\u00dfe Bvlgari-Marmor ist bekannt f\u00fcr seine reine und elegante wei\u00dfe Grundfarbe in Kombination mit einer zarten, nat\u00fcrlichen Maserung. Mit seiner ausgezeichneten H\u00e4rte und Langlebigkeit ist er ideal f\u00fcr hochwertige architektonische Dekoration, Wandverkleidungen im Innenbereich, Arbeitsplatten und eine breite Palette von Premium-Anwendungen.<\/p>","protected":false},"featured_media":2501,"template":"","meta":{"site-sidebar-layout":"default","site-content-layout":"","ast-site-content-layout":"default","site-content-style":"default","site-sidebar-style":"default","ast-global-header-display":"","ast-banner-title-visibility":"","ast-main-header-display":"","ast-hfb-above-header-display":"","ast-hfb-below-header-display":"","ast-hfb-mobile-header-display":"","site-post-title":"","ast-breadcrumbs-content":"","ast-featured-img":"","footer-sml-layout":"","theme-transparent-header-meta":"default","adv-header-id-meta":"","stick-header-meta":"","header-above-stick-meta":"","header-main-stick-meta":"","header-below-stick-meta":"","astra-migrate-meta-layouts":"set","ast-page-background-enabled":"default","ast-page-background-meta":{"desktop":{"background-color":"var(--ast-global-color-4)","background-image":"","background-repeat":"repeat","background-position":"center center","background-size":"auto","background-attachment":"scroll","background-type":"","background-media":"","overlay-type":"","overlay-color":"","overlay-gradient":""},"tablet":{"background-color":"","background-image":"","background-repeat":"repeat","background-position":"center center","background-size":"auto","background-attachment":"scroll","background-type":"","background-media":"","overlay-type":"","overlay-color":"","overlay-gradient":""},"mobile":{"background-color":"","background-image":"","background-repeat":"repeat","background-position":"center center","background-size":"auto","background-attachment":"scroll","background-type":"","background-media":"","overlay-type":"","overlay-color":"","overlay-gradient":""}},"ast-content-background-meta":{"desktop":{"background-color":"var(--ast-global-color-5)","background-image":"","background-repeat":"repeat","background-position":"center center","background-size":"auto","background-attachment":"scroll","background-type":"","background-media":"","overlay-type":"","overlay-color":"","overlay-gradient":""},"tablet":{"background-color":"var(--ast-global-color-5)","background-image":"","background-repeat":"repeat","background-position":"center center","background-size":"auto","background-attachment":"scroll","background-type":"","background-media":"","overlay-type":"","overlay-color":"","overlay-gradient":""},"mobile":{"background-color":"var(--ast-global-color-5)","background-image":"","background-repeat":"repeat","background-position":"center center","background-size":"auto","background-attachment":"scroll","background-type":"","background-media":"","overlay-type":"","overlay-color":"","overlay-gradient":""}}},"product_brand":[],"product_cat":[15,41],"product_tag":[],"class_list":{"0":"post-2275","1":"product","2":"type-product","3":"status-publish","4":"has-post-thumbnail","6":"product_cat-all-types","7":"product_cat-bvlgari-white","8":"desktop-align-left","9":"tablet-align-left","10":"mobile-align-left","11":"ast-product-gallery-layout-horizontal-slider","12":"ast-magnify-disabled","13":"ast-product-tabs-layout-horizontal","15":"first","16":"instock","17":"shipping-taxable","18":"product-type-simple"},"_links":{"self":[{"href":"https:\/\/longjiagroup.com\/de\/wp-json\/wp\/v2\/product\/2275","targetHints":{"allow":["GET"]}}],"collection":[{"href":"https:\/\/longjiagroup.com\/de\/wp-json\/wp\/v2\/product"}],"about":[{"href":"https:\/\/longjiagroup.com\/de\/wp-json\/wp\/v2\/types\/product"}],"version-history":[{"count":3,"href":"https:\/\/longjiagroup.com\/de\/wp-json\/wp\/v2\/product\/2275\/revisions"}],"predecessor-version":[{"id":2392,"href":"https:\/\/longjiagroup.com\/de\/wp-json\/wp\/v2\/product\/2275\/revisions\/2392"}],"wp:featuredmedia":[{"embeddable":true,"href":"https:\/\/longjiagroup.com\/de\/wp-json\/wp\/v2\/media\/2501"}],"wp:attachment":[{"href":"https:\/\/longjiagroup.com\/de\/wp-json\/wp\/v2\/media?parent=2275"}],"wp:term":[{"taxonomy":"product_brand","embeddable":true,"href":"https:\/\/longjiagroup.com\/de\/wp-json\/wp\/v2\/product_brand?post=2275"},{"taxonomy":"product_cat","embeddable":true,"href":"https:\/\/longjiagroup.com\/de\/wp-json\/wp\/v2\/product_cat?post=2275"},{"taxonomy":"product_tag","embeddable":true,"href":"https:\/\/longjiagroup.com\/de\/wp-json\/wp\/v2\/product_tag?post=2275"}],"curies":[{"name":"wp","href":"https:\/\/api.w.org\/{rel}","templated":true}]}}