{"id":2098,"date":"2025-12-24T03:16:06","date_gmt":"2025-12-24T03:16:06","guid":{"rendered":"https:\/\/luxuryfactory.top\/?post_type=product&#038;p=2098"},"modified":"2025-12-26T06:19:07","modified_gmt":"2025-12-26T06:19:07","slug":"piedra-sahara-base-beige-vetas-naturales","status":"publish","type":"product","link":"https:\/\/longjiagroup.com\/es\/producto\/piedra-sahara-base-beige-vetas-naturales\/","title":{"rendered":"Piedra Sahara | Base beige \u00b7 Vetas naturales"},"content":{"rendered":"<section class=\"ybc-p\">Elaborado a partir de piedra natural de primera calidad, Sahara Stone muestra un suave tono beige con exquisitas y fluidas vetas naturales, donde las motas minerales y el sutil veteado se mezclan a la perfecci\u00f3n, presentando una c\u00e1lida textura premium similar al jade. Cada pieza conserva caracter\u00edsticas naturales \u00fanicas con una distribuci\u00f3n de las vetas \u00fanica, a\u00f1adiendo belleza natural y vitalidad a los espacios arquitect\u00f3nicos.<\/section>\n<section class=\"ybc-p\"><strong>Caracter\u00edsticas principales:<\/strong><\/section>\n<ul class=\"ybc-ul-component\">\n<li class=\"ybc-li-component ybc-li-component_ul\">\n<section class=\"ybc-p\"><strong>Color estable<\/strong>: La base beige mantiene una belleza duradera sin decoloraci\u00f3n<\/section>\n<\/li>\n<li class=\"ybc-li-component ybc-li-component_ul\">\n<section class=\"ybc-p\"><strong>Vetas naturales<\/strong>: Las vetas \u00fanicas y fluidas de cada pieza resaltan la calidad superior<\/section>\n<\/li>\n<li class=\"ybc-li-component ybc-li-component_ul\">\n<section class=\"ybc-p\"><strong>Resistente<\/strong>: Resistente a la presi\u00f3n y a los ara\u00f1azos, adecuado para zonas muy transitadas<\/section>\n<\/li>\n<li class=\"ybc-li-component ybc-li-component_ul\">\n<section class=\"ybc-p\"><strong>Excelente trabajabilidad<\/strong>: F\u00e1cil de cortar, tallar y pulir para diversos requisitos de dise\u00f1o<\/section>\n<\/li>\n<li class=\"ybc-li-component ybc-li-component_ul\">\n<section class=\"ybc-p\"><strong>F\u00e1cil mantenimiento<\/strong>: El tratamiento especial de la superficie garantiza la resistencia a las manchas y un cuidado diario sencillo<br \/>\n<img fetchpriority=\"high\" decoding=\"async\" class=\"alignnone size-medium wp-image-2105\" src=\"https:\/\/longjiagroup.com\/wp-content\/smush-webp\/2025\/12\/\u6492\u54c8\u739b-7-300x225.jpg.webp\" alt=\"\" width=\"300\" height=\"225\" srcset=\"https:\/\/longjiagroup.com\/wp-content\/smush-webp\/2025\/12\/\u6492\u54c8\u739b-7-300x225.jpg.webp 300w, https:\/\/longjiagroup.com\/wp-content\/smush-webp\/2025\/12\/\u6492\u54c8\u739b-7-1024x768.jpg.webp 1024w, https:\/\/longjiagroup.com\/wp-content\/smush-webp\/2025\/12\/\u6492\u54c8\u739b-7-768x576.jpg.webp 768w, https:\/\/longjiagroup.com\/wp-content\/smush-webp\/2025\/12\/\u6492\u54c8\u739b-7-1536x1152.jpg.webp 1536w, https:\/\/longjiagroup.com\/wp-content\/smush-webp\/2025\/12\/\u6492\u54c8\u739b-7-2048x1536.jpg.webp 2048w, https:\/\/longjiagroup.com\/wp-content\/smush-webp\/2025\/12\/\u6492\u54c8\u739b-7-600x450.jpg.webp 600w\" sizes=\"(max-width: 300px) 100vw, 300px\" data-smush-webp-fallback=\"{&quot;src&quot;:&quot;https:\\\/\\\/longjiagroup.com\\\/wp-content\\\/uploads\\\/2025\\\/12\\\/\\u6492\\u54c8\\u739b-7-300x225.jpg&quot;,&quot;srcset&quot;:&quot;https:\\\/\\\/longjiagroup.com\\\/wp-content\\\/uploads\\\/2025\\\/12\\\/\\u6492\\u54c8\\u739b-7-300x225.jpg 300w, https:\\\/\\\/longjiagroup.com\\\/wp-content\\\/uploads\\\/2025\\\/12\\\/\\u6492\\u54c8\\u739b-7-1024x768.jpg 1024w, https:\\\/\\\/longjiagroup.com\\\/wp-content\\\/uploads\\\/2025\\\/12\\\/\\u6492\\u54c8\\u739b-7-768x576.jpg 768w, https:\\\/\\\/longjiagroup.com\\\/wp-content\\\/uploads\\\/2025\\\/12\\\/\\u6492\\u54c8\\u739b-7-1536x1152.jpg 1536w, https:\\\/\\\/longjiagroup.com\\\/wp-content\\\/uploads\\\/2025\\\/12\\\/\\u6492\\u54c8\\u739b-7-2048x1536.jpg 2048w, https:\\\/\\\/longjiagroup.com\\\/wp-content\\\/uploads\\\/2025\\\/12\\\/\\u6492\\u54c8\\u739b-7-600x450.jpg 600w&quot;}\" \/><\/section>\n<\/li>\n<\/ul>\n<section class=\"ybc-p\"><strong>Aplicaciones principales:<\/strong><\/section>\n<ul class=\"ybc-ul-component\">\n<li class=\"ybc-li-component ybc-li-component_ul\">\n<section class=\"ybc-p\"><strong>Construcci\u00f3n de columnas<\/strong>: Puede tallarse con intrincados motivos florales de l\u00edneas suaves, que muestran un temperamento elegante y noble.<\/section>\n<\/li>\n<li class=\"ybc-li-component ybc-li-component_ul\">\n<section class=\"ybc-p\"><strong>Barandillas decorativas<\/strong>: Columnas cuadradas combinadas con decoraciones superiores en forma de linterna, exquisitos patrones tallados huecos que combinan la protecci\u00f3n de seguridad con la belleza art\u00edstica.<\/section>\n<\/li>\n<li class=\"ybc-li-component ybc-li-component_ul\">\n<section class=\"ybc-p\"><strong>Encimeras y paneles de pared<\/strong>: Adecuado para encimeras de cocina, paneles de ba\u00f1o, mostradores de recepci\u00f3n, etc., con un refinado tratamiento de las esquinas y un fuerte brillo bajo la luz.<\/section>\n<\/li>\n<li class=\"ybc-li-component ybc-li-component_ul\">\n<section class=\"ybc-p\"><strong>Suelos<\/strong>: La colocaci\u00f3n en grandes superficies crea una atm\u00f3sfera espacial unificada y grandiosa.<\/section>\n<\/li>\n<li class=\"ybc-li-component ybc-li-component_ul\">\n<section class=\"ybc-p\"><strong>Espacios comerciales<\/strong>: Vest\u00edbulos de hoteles, salas de exposiciones de alta gama, edificios de oficinas y otras zonas p\u00fablicas para elevar el nivel general de la decoraci\u00f3n.<\/section>\n<\/li>\n<\/ul>\n<section class=\"ybc-p\">Sahara Stone combina a la perfecci\u00f3n la belleza natural con una artesan\u00eda exquisita, integr\u00e1ndose a la perfecci\u00f3n en espacios modernos minimalistas, cl\u00e1sicos europeos o del nuevo estilo chino.<div style=\"width: 544px;\" class=\"wp-video\"><video class=\"wp-video-shortcode\" id=\"video-2098-1\" width=\"544\" height=\"1280\" preload=\"metadata\" controls=\"controls\"><source type=\"video\/mp4\" src=\"https:\/\/longjiagroup.com\/wp-content\/uploads\/2025\/12\/\u6492\u54c8\u739b-1.mp4?_=1\" \/><a href=\"https:\/\/longjiagroup.com\/wp-content\/uploads\/2025\/12\/\u6492\u54c8\u739b-1.mp4\">https:\/\/longjiagroup.com\/wp-content\/uploads\/2025\/12\/\u6492\u54c8\u739b-1.mp4<\/a><\/video><\/div><\/p>\n<\/section>\n<section>\u00a0 \u00a0 \u00a0 \u00a0 \u00a0<\/section>","protected":false},"excerpt":{"rendered":"<p>Sahara Stone presenta una base de color beige suave con un delicado veteado natural y una textura similar al jade. Adecuada para diversas aplicaciones de decoraci\u00f3n B2B, como columnas de edificios, barandillas y encimeras, combina el atractivo est\u00e9tico con la practicidad, lo que la convierte en la opci\u00f3n ideal para proyectos de construcci\u00f3n de alto nivel.<\/p>","protected":false},"featured_media":2099,"template":"","meta":{"site-sidebar-layout":"default","site-content-layout":"","ast-site-content-layout":"default","site-content-style":"default","site-sidebar-style":"default","ast-global-header-display":"","ast-banner-title-visibility":"","ast-main-header-display":"","ast-hfb-above-header-display":"","ast-hfb-below-header-display":"","ast-hfb-mobile-header-display":"","site-post-title":"","ast-breadcrumbs-content":"","ast-featured-img":"","footer-sml-layout":"","theme-transparent-header-meta":"default","adv-header-id-meta":"","stick-header-meta":"","header-above-stick-meta":"","header-main-stick-meta":"","header-below-stick-meta":"","astra-migrate-meta-layouts":"set","ast-page-background-enabled":"default","ast-page-background-meta":{"desktop":{"background-color":"var(--ast-global-color-4)","background-image":"","background-repeat":"repeat","background-position":"center center","background-size":"auto","background-attachment":"scroll","background-type":"","background-media":"","overlay-type":"","overlay-color":"","overlay-gradient":""},"tablet":{"background-color":"","background-image":"","background-repeat":"repeat","background-position":"center center","background-size":"auto","background-attachment":"scroll","background-type":"","background-media":"","overlay-type":"","overlay-color":"","overlay-gradient":""},"mobile":{"background-color":"","background-image":"","background-repeat":"repeat","background-position":"center center","background-size":"auto","background-attachment":"scroll","background-type":"","background-media":"","overlay-type":"","overlay-color":"","overlay-gradient":""}},"ast-content-background-meta":{"desktop":{"background-color":"var(--ast-global-color-5)","background-image":"","background-repeat":"repeat","background-position":"center center","background-size":"auto","background-attachment":"scroll","background-type":"","background-media":"","overlay-type":"","overlay-color":"","overlay-gradient":""},"tablet":{"background-color":"var(--ast-global-color-5)","background-image":"","background-repeat":"repeat","background-position":"center center","background-size":"auto","background-attachment":"scroll","background-type":"","background-media":"","overlay-type":"","overlay-color":"","overlay-gradient":""},"mobile":{"background-color":"var(--ast-global-color-5)","background-image":"","background-repeat":"repeat","background-position":"center center","background-size":"auto","background-attachment":"scroll","background-type":"","background-media":"","overlay-type":"","overlay-color":"","overlay-gradient":""}}},"product_brand":[],"product_cat":[15,36],"product_tag":[],"class_list":{"0":"post-2098","1":"product","2":"type-product","3":"status-publish","4":"has-post-thumbnail","6":"product_cat-all-types","7":"product_cat-sahama","8":"desktop-align-left","9":"tablet-align-left","10":"mobile-align-left","11":"ast-product-gallery-layout-horizontal-slider","12":"ast-magnify-disabled","13":"ast-product-tabs-layout-horizontal","15":"first","16":"instock","17":"shipping-taxable","18":"product-type-simple"},"_links":{"self":[{"href":"https:\/\/longjiagroup.com\/es\/wp-json\/wp\/v2\/product\/2098","targetHints":{"allow":["GET"]}}],"collection":[{"href":"https:\/\/longjiagroup.com\/es\/wp-json\/wp\/v2\/product"}],"about":[{"href":"https:\/\/longjiagroup.com\/es\/wp-json\/wp\/v2\/types\/product"}],"version-history":[{"count":2,"href":"https:\/\/longjiagroup.com\/es\/wp-json\/wp\/v2\/product\/2098\/revisions"}],"predecessor-version":[{"id":2385,"href":"https:\/\/longjiagroup.com\/es\/wp-json\/wp\/v2\/product\/2098\/revisions\/2385"}],"wp:featuredmedia":[{"embeddable":true,"href":"https:\/\/longjiagroup.com\/es\/wp-json\/wp\/v2\/media\/2099"}],"wp:attachment":[{"href":"https:\/\/longjiagroup.com\/es\/wp-json\/wp\/v2\/media?parent=2098"}],"wp:term":[{"taxonomy":"product_brand","embeddable":true,"href":"https:\/\/longjiagroup.com\/es\/wp-json\/wp\/v2\/product_brand?post=2098"},{"taxonomy":"product_cat","embeddable":true,"href":"https:\/\/longjiagroup.com\/es\/wp-json\/wp\/v2\/product_cat?post=2098"},{"taxonomy":"product_tag","embeddable":true,"href":"https:\/\/longjiagroup.com\/es\/wp-json\/wp\/v2\/product_tag?post=2098"}],"curies":[{"name":"wp","href":"https:\/\/api.w.org\/{rel}","templated":true}]}}