{"id":2275,"date":"2025-12-25T02:57:35","date_gmt":"2025-12-25T02:57:35","guid":{"rendered":"https:\/\/luxuryfactory.top\/?post_type=product&#038;p=2275"},"modified":"2025-12-27T03:05:00","modified_gmt":"2025-12-27T03:05:00","slug":"marmol-blanco-de-bvlgari-eleccion-premium-para-decoracion-arquitectonica-de-alto-nivel","status":"publish","type":"product","link":"https:\/\/longjiagroup.com\/es\/producto\/marmol-blanco-de-bvlgari-eleccion-premium-para-decoracion-arquitectonica-de-alto-nivel\/","title":{"rendered":"M\u00e1rmol blanco Bvlgari | La mejor opci\u00f3n para la decoraci\u00f3n arquitect\u00f3nica de alta gama"},"content":{"rendered":"<section class=\"ybc-p\">\n<p data-start=\"515\" data-end=\"838\">Bvlgari White Marble se selecciona cuidadosamente a partir de piedra natural de alta calidad y se procesa de forma experta para lograr un acabado refinado. Presenta un fondo blanco limpio acentuado por vetas naturales suaves y fluidas, donde los cristales minerales se mezclan armoniosamente con texturas suaves para crear un aspecto sofisticado y lujoso.<\/p>\n<p data-start=\"840\" data-end=\"1025\">Cada losa conserva sus caracter\u00edsticas naturales, con patrones de veteado \u00fanicos que hacen que cada pieza sea \u00fanica, a\u00f1adiendo una sensaci\u00f3n de vitalidad y elegancia natural a los espacios arquitect\u00f3nicos.<\/p>\n<h3 data-start=\"1027\" data-end=\"1049\">Caracter\u00edsticas del producto<\/h3>\n<ul data-start=\"1050\" data-end=\"1620\">\n<li data-start=\"1050\" data-end=\"1159\">\n<p data-start=\"1052\" data-end=\"1159\"><strong data-start=\"1052\" data-end=\"1071\">Tono de color puro<\/strong>: Una base blanca de larga duraci\u00f3n con una coloraci\u00f3n estable que mantiene su belleza con el paso del tiempo.<\/p>\n<\/li>\n<li data-start=\"1160\" data-end=\"1264\">\n<p data-start=\"1162\" data-end=\"1264\"><strong data-start=\"1162\" data-end=\"1181\">Vetas naturales<\/strong>: Patrones \u00fanicos y naturales en cada losa, que reflejan una calidad superior.<\/p>\n<\/li>\n<li data-start=\"1265\" data-end=\"1383\">\n<p data-start=\"1267\" data-end=\"1383\"><strong data-start=\"1267\" data-end=\"1291\">Dureza excepcional<\/strong>: Alta resistencia a la compresi\u00f3n y excelente resistencia al desgaste, adecuado para zonas de mucho tr\u00e1fico.<\/p>\n<\/li>\n<li data-start=\"1384\" data-end=\"1497\">\n<p data-start=\"1386\" data-end=\"1497\"><strong data-start=\"1386\" data-end=\"1410\">Trabajabilidad superior<\/strong>: F\u00e1cil de cortar, tallar y pulir, satisface diversos requisitos de dise\u00f1o y fabricaci\u00f3n<\/p>\n<\/li>\n<li data-start=\"1498\" data-end=\"1620\">\n<p data-start=\"1500\" data-end=\"1620\"><strong data-start=\"1500\" data-end=\"1527\">Gran resistencia a las manchas<\/strong>: Superficie densa con baja absorci\u00f3n de agua, que facilita la limpieza y el mantenimiento diarios<\/p>\n<\/li>\n<\/ul>\n<h3 data-start=\"1622\" data-end=\"1645\">Principales aplicaciones<\/h3>\n<ul data-start=\"1646\" data-end=\"2184\">\n<li data-start=\"1646\" data-end=\"1792\">\n<p data-start=\"1648\" data-end=\"1792\"><strong data-start=\"1648\" data-end=\"1668\">Fachadas de edificios<\/strong>: Las instalaciones a gran escala realzan la presencia arquitect\u00f3nica, con una superficie blanca que brilla intensamente bajo la luz natural.<\/p>\n<\/li>\n<li data-start=\"1793\" data-end=\"1913\">\n<p data-start=\"1795\" data-end=\"1913\"><strong data-start=\"1795\" data-end=\"1821\">Revestimiento de paredes interiores<\/strong>: Ideal para paredes y columnas, creando un ambiente interior elegante y refinado.<\/p>\n<\/li>\n<li data-start=\"1914\" data-end=\"2054\">\n<p data-start=\"1916\" data-end=\"2054\"><strong data-start=\"1916\" data-end=\"1951\">Encimeras y superficies verticales<\/strong>: Mostradores de recepci\u00f3n, mostradores de bar, encimeras de tocador y mucho m\u00e1s, con bordes finamente acabados y un tacto de primera calidad.<\/p>\n<\/li>\n<li data-start=\"2055\" data-end=\"2184\">\n<p data-start=\"2057\" data-end=\"2184\"><strong data-start=\"2057\" data-end=\"2078\">Espacios comerciales<\/strong>: Hoteles de lujo, edificios de oficinas de alta gama y tiendas boutique, que elevan la calidad general del dise\u00f1o.<\/p>\n<\/li>\n<\/ul>\n<p data-start=\"2186\" data-end=\"2491\">Bvlgari White Marble combina a la perfecci\u00f3n la belleza de la naturaleza con una exquisita artesan\u00eda. Tanto si se aplica en dise\u00f1os de interiores modernos minimalistas, de inspiraci\u00f3n n\u00f3rdica o de lujo ligero, se integra a la perfecci\u00f3n en cualquier espacio, ofreciendo una soluci\u00f3n fiable y de alta gama para proyectos arquitect\u00f3nicos y decorativos.<\/p>\n<div style=\"width: 720px;\" class=\"wp-video\"><video class=\"wp-video-shortcode\" id=\"video-2275-1\" width=\"720\" height=\"1280\" preload=\"metadata\" controls=\"controls\"><source type=\"video\/mp4\" src=\"https:\/\/longjiagroup.com\/wp-content\/uploads\/2025\/12\/bai.mp4?_=1\" \/><a href=\"https:\/\/longjiagroup.com\/wp-content\/uploads\/2025\/12\/bai.mp4\">https:\/\/longjiagroup.com\/wp-content\/uploads\/2025\/12\/bai.mp4<\/a><\/video><\/div>\n<p data-start=\"2186\" data-end=\"2491\">\n<\/section>","protected":false},"excerpt":{"rendered":"<p>El M\u00e1rmol Blanco Bvlgari es famoso por su base blanca, pura y elegante, combinada con un delicado veteado natural. Con una dureza y durabilidad excelentes, es ideal para la decoraci\u00f3n arquitect\u00f3nica de alta gama, el revestimiento de paredes interiores, las encimeras y una amplia gama de aplicaciones de primera calidad.<\/p>","protected":false},"featured_media":2501,"template":"","meta":{"site-sidebar-layout":"default","site-content-layout":"","ast-site-content-layout":"default","site-content-style":"default","site-sidebar-style":"default","ast-global-header-display":"","ast-banner-title-visibility":"","ast-main-header-display":"","ast-hfb-above-header-display":"","ast-hfb-below-header-display":"","ast-hfb-mobile-header-display":"","site-post-title":"","ast-breadcrumbs-content":"","ast-featured-img":"","footer-sml-layout":"","theme-transparent-header-meta":"default","adv-header-id-meta":"","stick-header-meta":"","header-above-stick-meta":"","header-main-stick-meta":"","header-below-stick-meta":"","astra-migrate-meta-layouts":"set","ast-page-background-enabled":"default","ast-page-background-meta":{"desktop":{"background-color":"var(--ast-global-color-4)","background-image":"","background-repeat":"repeat","background-position":"center center","background-size":"auto","background-attachment":"scroll","background-type":"","background-media":"","overlay-type":"","overlay-color":"","overlay-gradient":""},"tablet":{"background-color":"","background-image":"","background-repeat":"repeat","background-position":"center center","background-size":"auto","background-attachment":"scroll","background-type":"","background-media":"","overlay-type":"","overlay-color":"","overlay-gradient":""},"mobile":{"background-color":"","background-image":"","background-repeat":"repeat","background-position":"center center","background-size":"auto","background-attachment":"scroll","background-type":"","background-media":"","overlay-type":"","overlay-color":"","overlay-gradient":""}},"ast-content-background-meta":{"desktop":{"background-color":"var(--ast-global-color-5)","background-image":"","background-repeat":"repeat","background-position":"center center","background-size":"auto","background-attachment":"scroll","background-type":"","background-media":"","overlay-type":"","overlay-color":"","overlay-gradient":""},"tablet":{"background-color":"var(--ast-global-color-5)","background-image":"","background-repeat":"repeat","background-position":"center center","background-size":"auto","background-attachment":"scroll","background-type":"","background-media":"","overlay-type":"","overlay-color":"","overlay-gradient":""},"mobile":{"background-color":"var(--ast-global-color-5)","background-image":"","background-repeat":"repeat","background-position":"center center","background-size":"auto","background-attachment":"scroll","background-type":"","background-media":"","overlay-type":"","overlay-color":"","overlay-gradient":""}}},"product_brand":[],"product_cat":[15,41],"product_tag":[],"class_list":{"0":"post-2275","1":"product","2":"type-product","3":"status-publish","4":"has-post-thumbnail","6":"product_cat-all-types","7":"product_cat-bvlgari-white","8":"desktop-align-left","9":"tablet-align-left","10":"mobile-align-left","11":"ast-product-gallery-layout-horizontal-slider","12":"ast-magnify-disabled","13":"ast-product-tabs-layout-horizontal","15":"first","16":"instock","17":"shipping-taxable","18":"product-type-simple"},"_links":{"self":[{"href":"https:\/\/longjiagroup.com\/es\/wp-json\/wp\/v2\/product\/2275","targetHints":{"allow":["GET"]}}],"collection":[{"href":"https:\/\/longjiagroup.com\/es\/wp-json\/wp\/v2\/product"}],"about":[{"href":"https:\/\/longjiagroup.com\/es\/wp-json\/wp\/v2\/types\/product"}],"version-history":[{"count":3,"href":"https:\/\/longjiagroup.com\/es\/wp-json\/wp\/v2\/product\/2275\/revisions"}],"predecessor-version":[{"id":2392,"href":"https:\/\/longjiagroup.com\/es\/wp-json\/wp\/v2\/product\/2275\/revisions\/2392"}],"wp:featuredmedia":[{"embeddable":true,"href":"https:\/\/longjiagroup.com\/es\/wp-json\/wp\/v2\/media\/2501"}],"wp:attachment":[{"href":"https:\/\/longjiagroup.com\/es\/wp-json\/wp\/v2\/media?parent=2275"}],"wp:term":[{"taxonomy":"product_brand","embeddable":true,"href":"https:\/\/longjiagroup.com\/es\/wp-json\/wp\/v2\/product_brand?post=2275"},{"taxonomy":"product_cat","embeddable":true,"href":"https:\/\/longjiagroup.com\/es\/wp-json\/wp\/v2\/product_cat?post=2275"},{"taxonomy":"product_tag","embeddable":true,"href":"https:\/\/longjiagroup.com\/es\/wp-json\/wp\/v2\/product_tag?post=2275"}],"curies":[{"name":"wp","href":"https:\/\/api.w.org\/{rel}","templated":true}]}}