{"id":2128,"date":"2025-12-24T03:58:56","date_gmt":"2025-12-24T03:58:56","guid":{"rendered":"https:\/\/luxuryfactory.top\/?post_type=product&#038;p=2128"},"modified":"2025-12-26T06:19:07","modified_gmt":"2025-12-26T06:19:07","slug":"beirut-mat-tas-acik-bej-tonu-dogal-damarlar-mat-kaplama","status":"publish","type":"product","link":"https:\/\/longjiagroup.com\/tr\/urun\/beirut-mat-tas-acik-bej-tonu-dogal-damarlar-mat-kaplama\/","title":{"rendered":"Beyrut Mat Ta\u015f | A\u00e7\u0131k Bej Ton \u00b7 Do\u011fal Damarlar \u00b7 Mat Kaplama"},"content":{"rendered":"<section class=\"ybc-p\">Birinci s\u0131n\u0131f do\u011fal ta\u015ftan \u00fcretilen Beirut Matte Stone, mat y\u00fczey i\u015flemiyle yumu\u015fak a\u00e7\u0131k bej tonu sunar ve ayd\u0131nlatma alt\u0131nda sert parlama olmadan yumu\u015fak \u0131\u015f\u0131k ge\u00e7i\u015fi g\u00f6sterir. Y\u00fczeyde bej, a\u00e7\u0131k kahverengi ve gri damarlar\u0131n do\u011fal olarak kar\u0131\u015ft\u0131\u011f\u0131, bulut benzeri veya su birikintili desenler olu\u015fturan ve e\u015fsiz do\u011fal g\u00fczellik sunan hassas do\u011fal damarlar bulunur.<\/section>\n<section class=\"ybc-p\"><strong>Temel \u00d6zellikler:<\/strong><\/section>\n<ul class=\"ybc-ul-component\">\n<li class=\"ybc-li-component ybc-li-component_ul\">\n<section class=\"ybc-p\"><strong>Yumu\u015fak Doku<\/strong>: G\u00f6rsel konfor i\u00e7in hafif \u0131\u015f\u0131k yans\u0131mal\u0131 mat y\u00fczey kaplamas\u0131<\/section>\n<\/li>\n<li class=\"ybc-li-component ybc-li-component_ul\">\n<section class=\"ybc-p\"><strong>Do\u011fal Damarlanma<\/strong>: Her bir par\u00e7adaki benzersiz ve ak\u0131c\u0131 damarlar \u00fcst\u00fcn kaliteyi vurgular<\/section>\n<\/li>\n<li class=\"ybc-li-component ybc-li-component_ul\">\n<section class=\"ybc-p\"><strong>A\u015f\u0131nma ve Kayma Direnci<\/strong>: M\u00fckemmel a\u015f\u0131nma ve kayma direnci ile y\u00fcksek y\u00fczey sertli\u011fi<\/section>\n<\/li>\n<li class=\"ybc-li-component ybc-li-component_ul\">\n<section class=\"ybc-p\"><strong>Leke Direnci<\/strong>: D\u00fc\u015f\u00fck su emme \u00f6zelli\u011fine sahip yo\u011fun y\u00fczey, basit g\u00fcnl\u00fck bak\u0131m<\/section>\n<\/li>\n<li class=\"ybc-li-component ybc-li-component_ul\">\n<section class=\"ybc-p\"><strong>\u00dcst\u00fcn \u0130\u015flenebilirlik<\/strong>: Farkl\u0131 tasar\u0131m gereksinimleri i\u00e7in kolay kesilebilir ve parlat\u0131labilir<br \/>\n<img fetchpriority=\"high\" decoding=\"async\" class=\"alignnone size-medium wp-image-2138\" src=\"https:\/\/longjiagroup.com\/wp-content\/smush-webp\/2025\/12\/\u8d1d\u9c81\u7279\u4e9a\u5149\u9762-9-300x225.jpg.webp\" alt=\"\" width=\"300\" height=\"225\" srcset=\"https:\/\/longjiagroup.com\/wp-content\/smush-webp\/2025\/12\/\u8d1d\u9c81\u7279\u4e9a\u5149\u9762-9-300x225.jpg.webp 300w, https:\/\/longjiagroup.com\/wp-content\/smush-webp\/2025\/12\/\u8d1d\u9c81\u7279\u4e9a\u5149\u9762-9-1024x768.jpg.webp 1024w, https:\/\/longjiagroup.com\/wp-content\/smush-webp\/2025\/12\/\u8d1d\u9c81\u7279\u4e9a\u5149\u9762-9-768x576.jpg.webp 768w, https:\/\/longjiagroup.com\/wp-content\/smush-webp\/2025\/12\/\u8d1d\u9c81\u7279\u4e9a\u5149\u9762-9-600x450.jpg.webp 600w, https:\/\/longjiagroup.com\/wp-content\/smush-webp\/2025\/12\/\u8d1d\u9c81\u7279\u4e9a\u5149\u9762-9.jpg.webp 1440w\" sizes=\"(max-width: 300px) 100vw, 300px\" data-smush-webp-fallback=\"{&quot;src&quot;:&quot;https:\\\/\\\/longjiagroup.com\\\/wp-content\\\/uploads\\\/2025\\\/12\\\/\\u8d1d\\u9c81\\u7279\\u4e9a\\u5149\\u9762-9-300x225.jpg&quot;,&quot;srcset&quot;:&quot;https:\\\/\\\/longjiagroup.com\\\/wp-content\\\/uploads\\\/2025\\\/12\\\/\\u8d1d\\u9c81\\u7279\\u4e9a\\u5149\\u9762-9-300x225.jpg 300w, https:\\\/\\\/longjiagroup.com\\\/wp-content\\\/uploads\\\/2025\\\/12\\\/\\u8d1d\\u9c81\\u7279\\u4e9a\\u5149\\u9762-9-1024x768.jpg 1024w, https:\\\/\\\/longjiagroup.com\\\/wp-content\\\/uploads\\\/2025\\\/12\\\/\\u8d1d\\u9c81\\u7279\\u4e9a\\u5149\\u9762-9-768x576.jpg 768w, https:\\\/\\\/longjiagroup.com\\\/wp-content\\\/uploads\\\/2025\\\/12\\\/\\u8d1d\\u9c81\\u7279\\u4e9a\\u5149\\u9762-9-600x450.jpg 600w, https:\\\/\\\/longjiagroup.com\\\/wp-content\\\/uploads\\\/2025\\\/12\\\/\\u8d1d\\u9c81\\u7279\\u4e9a\\u5149\\u9762-9.jpg 1440w&quot;}\" \/><\/section>\n<\/li>\n<\/ul>\n<section class=\"ybc-p\"><strong>Ana Uygulamalar:<\/strong><\/section>\n<ul class=\"ybc-ul-component\">\n<li class=\"ybc-li-component ybc-li-component_ul\">\n<section class=\"ybc-p\"><strong>D\u00f6\u015feme<\/strong>: Geni\u015f alanl\u0131 d\u00f6\u015feme birle\u015fik ton olu\u015fturur, mat y\u00fczey \u0131\u015f\u0131k kirlili\u011fini \u00f6nler<\/section>\n<\/li>\n<li class=\"ybc-li-component ybc-li-component_ul\">\n<section class=\"ybc-p\"><strong>Tezgah ve Duvar Panelleri<\/strong>: Mutfak tezgahlar\u0131, banyo panelleri, rafine k\u00f6\u015fe i\u015flemeli resepsiyon masalar\u0131<\/section>\n<\/li>\n<li class=\"ybc-li-component ybc-li-component_ul\">\n<section class=\"ybc-p\"><strong>Duvar Kaplamalar\u0131<\/strong>: \u00d6zellikli duvarlar, kolon kaplamalar\u0131 parlama olmadan mekansal dokuyu geli\u015ftirir<\/section>\n<\/li>\n<li class=\"ybc-li-component ybc-li-component_ul\">\n<section class=\"ybc-p\"><strong>Bina Kolonlar\u0131<\/strong>: D\u00fcz \u00e7izgiler i\u00e7eren karma\u015f\u0131k \u00e7i\u00e7ek desenleri ile oyulabilir<\/section>\n<\/li>\n<li class=\"ybc-li-component ybc-li-component_ul\">\n<section class=\"ybc-p\"><strong>Dekoratif Korkuluklar<\/strong>: \u0130\u00e7i bo\u015f oyma desenli kare s\u00fctunlar g\u00fcvenlik ve sanat\u0131 bir araya getiriyor<\/section>\n<\/li>\n<\/ul>\n<section class=\"ybc-p\">Beirut Matte Stone, do\u011fal g\u00fczelli\u011fi pratik i\u015flevsellikle m\u00fckemmel bir \u015fekilde birle\u015ftirerek modern minimalist, \u0130skandinav veya Japon wabi-sabi tarzlar\u0131na sorunsuz bir \u015fekilde entegre olur ve mimari dekorasyon projeleri i\u00e7in \u00fcst d\u00fczey ve g\u00fcvenilir \u00e7\u00f6z\u00fcmler sunar.<\/section>\n<section><div style=\"width: 544px;\" class=\"wp-video\"><video class=\"wp-video-shortcode\" id=\"video-2128-1\" width=\"544\" height=\"1280\" preload=\"metadata\" controls=\"controls\"><source type=\"video\/mp4\" src=\"https:\/\/longjiagroup.com\/wp-content\/uploads\/2025\/12\/\u8d1d\u9c81\u7279\u4e9a\u5149\u9762-1.mp4?_=1\" \/><a href=\"https:\/\/longjiagroup.com\/wp-content\/uploads\/2025\/12\/\u8d1d\u9c81\u7279\u4e9a\u5149\u9762-1.mp4\">https:\/\/longjiagroup.com\/wp-content\/uploads\/2025\/12\/\u8d1d\u9c81\u7279\u4e9a\u5149\u9762-1.mp4<\/a><\/video><\/div><\/p>\n<\/section>","protected":false},"excerpt":{"rendered":"<p>Beirut Matte Stone, mat y\u00fczey kaplamal\u0131, narin do\u011fal damarl\u0131 ve yumu\u015fak dokulu a\u00e7\u0131k bej bir tabana sahiptir. D\u00f6\u015feme, tezgah, duvar kaplamas\u0131, bina s\u00fctunlar\u0131, korkuluklar ve \u00e7e\u015fitli dekorasyon uygulamalar\u0131 i\u00e7in uygundur.<\/p>","protected":false},"featured_media":2141,"template":"","meta":{"site-sidebar-layout":"default","site-content-layout":"","ast-site-content-layout":"default","site-content-style":"default","site-sidebar-style":"default","ast-global-header-display":"","ast-banner-title-visibility":"","ast-main-header-display":"","ast-hfb-above-header-display":"","ast-hfb-below-header-display":"","ast-hfb-mobile-header-display":"","site-post-title":"","ast-breadcrumbs-content":"","ast-featured-img":"","footer-sml-layout":"","theme-transparent-header-meta":"default","adv-header-id-meta":"","stick-header-meta":"","header-above-stick-meta":"","header-main-stick-meta":"","header-below-stick-meta":"","astra-migrate-meta-layouts":"set","ast-page-background-enabled":"default","ast-page-background-meta":{"desktop":{"background-color":"var(--ast-global-color-4)","background-image":"","background-repeat":"repeat","background-position":"center center","background-size":"auto","background-attachment":"scroll","background-type":"","background-media":"","overlay-type":"","overlay-color":"","overlay-gradient":""},"tablet":{"background-color":"","background-image":"","background-repeat":"repeat","background-position":"center center","background-size":"auto","background-attachment":"scroll","background-type":"","background-media":"","overlay-type":"","overlay-color":"","overlay-gradient":""},"mobile":{"background-color":"","background-image":"","background-repeat":"repeat","background-position":"center center","background-size":"auto","background-attachment":"scroll","background-type":"","background-media":"","overlay-type":"","overlay-color":"","overlay-gradient":""}},"ast-content-background-meta":{"desktop":{"background-color":"var(--ast-global-color-5)","background-image":"","background-repeat":"repeat","background-position":"center center","background-size":"auto","background-attachment":"scroll","background-type":"","background-media":"","overlay-type":"","overlay-color":"","overlay-gradient":""},"tablet":{"background-color":"var(--ast-global-color-5)","background-image":"","background-repeat":"repeat","background-position":"center center","background-size":"auto","background-attachment":"scroll","background-type":"","background-media":"","overlay-type":"","overlay-color":"","overlay-gradient":""},"mobile":{"background-color":"var(--ast-global-color-5)","background-image":"","background-repeat":"repeat","background-position":"center center","background-size":"auto","background-attachment":"scroll","background-type":"","background-media":"","overlay-type":"","overlay-color":"","overlay-gradient":""}}},"product_brand":[],"product_cat":[15,38],"product_tag":[],"class_list":{"0":"post-2128","1":"product","2":"type-product","3":"status-publish","4":"has-post-thumbnail","6":"product_cat-all-types","7":"product_cat-beirut-matte-finish","8":"desktop-align-left","9":"tablet-align-left","10":"mobile-align-left","11":"ast-product-gallery-layout-horizontal-slider","12":"ast-magnify-disabled","13":"ast-product-tabs-layout-horizontal","15":"first","16":"instock","17":"shipping-taxable","18":"product-type-simple"},"_links":{"self":[{"href":"https:\/\/longjiagroup.com\/tr\/wp-json\/wp\/v2\/product\/2128","targetHints":{"allow":["GET"]}}],"collection":[{"href":"https:\/\/longjiagroup.com\/tr\/wp-json\/wp\/v2\/product"}],"about":[{"href":"https:\/\/longjiagroup.com\/tr\/wp-json\/wp\/v2\/types\/product"}],"version-history":[{"count":2,"href":"https:\/\/longjiagroup.com\/tr\/wp-json\/wp\/v2\/product\/2128\/revisions"}],"predecessor-version":[{"id":2387,"href":"https:\/\/longjiagroup.com\/tr\/wp-json\/wp\/v2\/product\/2128\/revisions\/2387"}],"wp:featuredmedia":[{"embeddable":true,"href":"https:\/\/longjiagroup.com\/tr\/wp-json\/wp\/v2\/media\/2141"}],"wp:attachment":[{"href":"https:\/\/longjiagroup.com\/tr\/wp-json\/wp\/v2\/media?parent=2128"}],"wp:term":[{"taxonomy":"product_brand","embeddable":true,"href":"https:\/\/longjiagroup.com\/tr\/wp-json\/wp\/v2\/product_brand?post=2128"},{"taxonomy":"product_cat","embeddable":true,"href":"https:\/\/longjiagroup.com\/tr\/wp-json\/wp\/v2\/product_cat?post=2128"},{"taxonomy":"product_tag","embeddable":true,"href":"https:\/\/longjiagroup.com\/tr\/wp-json\/wp\/v2\/product_tag?post=2128"}],"curies":[{"name":"wp","href":"https:\/\/api.w.org\/{rel}","templated":true}]}}