{"id":2148,"date":"2025-12-24T04:03:20","date_gmt":"2025-12-24T04:03:20","guid":{"rendered":"https:\/\/luxuryfactory.top\/?post_type=product&#038;p=2148"},"modified":"2025-12-26T06:19:07","modified_gmt":"2025-12-26T06:19:07","slug":"beirut-deri%cc%87-kaplama-tasi-acik-bej-deri%cc%87-dokusu-dogal-damarlanma","status":"publish","type":"product","link":"https:\/\/longjiagroup.com\/tr\/urun\/beirut-deri%cc%87-kaplama-tasi-acik-bej-deri%cc%87-dokusu-dogal-damarlanma\/","title":{"rendered":"Beyrut Deri Kaplama Ta\u015f | A\u00e7\u0131k Bej Deri Dokusu \u00b7 Do\u011fal Damar Deseni"},"content":{"rendered":"<section class=\"ybc-p\">Beirut Leather Finish Stone do\u011fal ta\u015ftan \u00fcretilmi\u015f ve do\u011fal deriyi an\u0131msatan ince tanecikli bir doku ve ince dokunsal p\u00fcr\u00fczl\u00fcl\u00fck elde etmek i\u00e7in \u00f6zel bir y\u00fczey i\u015fleminden ge\u00e7irilmi\u015ftir. Genel ton, n\u00f6tr s\u0131cak renk \u015femas\u0131na ait yumu\u015fak a\u00e7\u0131k bej-beyazd\u0131r ve hafif da\u011f\u0131n\u0131k \u0131\u015f\u0131k yans\u0131mas\u0131 sa\u011flayan mat bir y\u00fczeye sahiptir, bu da g\u00f6rsel olarak yumu\u015fak ve g\u00f6ze batmayan bir etki yarat\u0131r.<\/section>\n<section class=\"ybc-p\">Ta\u015f y\u00fczeyi do\u011fal olarak koyu gri, kahverengi ve siyaha yak\u0131n tonlarda mineral benekleri, k\u00fc\u00e7\u00fck g\u00f6zenekler ve d\u00fczensiz renk lekeleri ile da\u011f\u0131lm\u0131\u015ft\u0131r. Damarlanma derinli\u011fi de\u011fi\u015fmekte, hafif f\u0131r\u00e7alanm\u0131\u015f veya ak\u0131c\u0131 desenlerle birlikte eskitilmi\u015f deriye benzer bir vintage doku olu\u015fturmaktad\u0131r. Bu d\u00fczensiz do\u011fal izler her bir levhaya \u00f6zg\u00fcd\u00fcr ve kaplama y\u00fczeyine kendine \u00f6zg\u00fc do\u011fal sanatsal bir his ve el yap\u0131m\u0131 s\u0131cakl\u0131\u011f\u0131 verir.<\/section>\n<section class=\"ybc-p\"><strong>Temel \u00d6zellikler:<\/strong><\/section>\n<ul class=\"ybc-ul-component\">\n<li class=\"ybc-li-component ybc-li-component_ul\">\n<section class=\"ybc-p\"><strong>E\u015fsiz Doku<\/strong>: \u0130nce taneli deri benzeri y\u00fczey, dokunuldu\u011funda s\u0131cak, g\u00f6rsel olarak mat ve yumu\u015fak<\/section>\n<\/li>\n<li class=\"ybc-li-component ybc-li-component_ul\">\n<section class=\"ybc-p\"><strong>Do\u011fal Damarlanma<\/strong>: Rastgele da\u011f\u0131lm\u0131\u015f desenler; benekler, g\u00f6zenekler ve renk yamalar\u0131 do\u011fal olarak olu\u015fur ve tekrarlanmaz<\/section>\n<\/li>\n<li class=\"ybc-li-component ybc-li-component_ul\">\n<section class=\"ybc-p\"><strong>Dayan\u0131kl\u0131 ve Pratik<\/strong>: Y\u00fcksek sertlik, a\u015f\u0131nmaya dayan\u0131kl\u0131, iyi kayma \u00f6nleyici \u00f6zellikler, d\u0131\u015f ve yo\u011fun trafikli alanlar i\u00e7in uygun<\/section>\n<\/li>\n<li class=\"ybc-li-component ybc-li-component_ul\">\n<section class=\"ybc-p\"><strong>Kolay Bak\u0131m<\/strong>: Yo\u011fun, leke tutmaz y\u00fczey, kolay g\u00fcnl\u00fck temizlik, zamanla daha s\u0131cak bir patina geli\u015ftirir<\/section>\n<\/li>\n<li class=\"ybc-li-component ybc-li-component_ul\">\n<section class=\"ybc-p\"><strong>\u0130yi Yap\u0131 Uyumlulu\u011fu<\/strong>: Kesilebilir ve monte edilebilir, \u00e7e\u015fitli mimari formlar ve mozaik desenleri i\u00e7in uygundur<\/section>\n<\/li>\n<\/ul>\n<section class=\"ybc-p\"><strong>Ana Uygulamalar :<\/strong><\/section>\n<ul class=\"ybc-ul-component\">\n<li class=\"ybc-li-component ybc-li-component_ul\">\n<section class=\"ybc-p\"><strong>Bina Cepheleri<\/strong>: Villalar, \u015fehir evleri ve ticari bina d\u0131\u015f cepheleri i\u00e7in uygundur, \u00f6zellikle modern bir g\u00f6r\u00fcn\u00fcm i\u00e7in koyu renkli pencere \u00e7er\u00e7eveleri ve metal bile\u015fenlerle e\u015fle\u015ftirildi\u011finde rustik ancak birinci s\u0131n\u0131f bir cephe etkisi yarat\u0131r<\/section>\n<\/li>\n<li class=\"ybc-li-component ybc-li-component_ul\">\n<section class=\"ybc-p\"><strong>\u0130\u00e7 Duvarlar<\/strong>: Oturma odalar\u0131, koridorlar, lobiler vb. yerlerde \u00f6zellikli duvarlar; mat doku mekansal derinlik katar<\/section>\n<\/li>\n<li class=\"ybc-li-component ybc-li-component_ul\">\n<section class=\"ybc-p\"><strong>Kolon ve Yap\u0131sal Dekorasyon<\/strong>: Bina s\u00fctunlar\u0131, kap\u0131 \u00e7evreleri, korni\u015fler vb. \u00fczerindeki dekoratif \u00e7izgiler ve mozaik desenler.<\/section>\n<\/li>\n<li class=\"ybc-li-component ybc-li-component_ul\">\n<section class=\"ybc-p\"><strong>D\u0131\u015f Mekan Peyzaj\u0131<\/strong>: Do\u011fal \u00e7evre ile uyumlu \u00e7itler, \u00f6zellikli duvarlar, kap\u0131 direkleri, vb.<\/section>\n<\/li>\n<\/ul>\n<section class=\"ybc-p\"><strong>Stil E\u015fle\u015ftirme \u00d6nerileri:<\/strong><\/section>\n<ul class=\"ybc-ul-component\">\n<li class=\"ybc-li-component ybc-li-component_ul\">\n<section class=\"ybc-p\">Modern minimalist, end\u00fcstriyel, wabi-sabi, nat\u00fcralist tarzlar<\/section>\n<\/li>\n<li class=\"ybc-li-component ybc-li-component_ul\">\n<section class=\"ybc-p\">Doku, mat y\u00fczeyler ve do\u011fal kusurlar\u0131 vurgulayan tasar\u0131m projeleri i\u00e7in \u00f6zellikle uygundur<\/section>\n<\/li>\n<\/ul>\n<section class=\"ybc-p\">Beirut Leather Finish Stone, \u201cdo\u011fal deri \u201dden ilham alarak ta\u015f\u0131n zamans\u0131zl\u0131\u011f\u0131n\u0131 derinin s\u0131cakl\u0131\u011f\u0131yla birle\u015ftiriyor. Do\u011fal ta\u015f\u0131n dayan\u0131kl\u0131l\u0131\u011f\u0131n\u0131 korurken insani dokunun s\u0131cakl\u0131\u011f\u0131n\u0131 ekleyerek, malzeme ifadesini ve mekansal ambiyans\u0131 vurgulayan \u00fcst d\u00fczey mimari ve i\u00e7 mekan tasar\u0131mlar\u0131 i\u00e7in uygun hale getirir.<\/section>\n<section><div style=\"width: 544px;\" class=\"wp-video\"><video class=\"wp-video-shortcode\" id=\"video-2148-1\" width=\"544\" height=\"1280\" preload=\"metadata\" controls=\"controls\"><source type=\"video\/mp4\" src=\"https:\/\/longjiagroup.com\/wp-content\/uploads\/2025\/12\/\u8d1d\u9c81\u7279\u76ae\u9769\u9762-1.mp4?_=1\" \/><a href=\"https:\/\/longjiagroup.com\/wp-content\/uploads\/2025\/12\/\u8d1d\u9c81\u7279\u76ae\u9769\u9762-1.mp4\">https:\/\/longjiagroup.com\/wp-content\/uploads\/2025\/12\/\u8d1d\u9c81\u7279\u76ae\u9769\u9762-1.mp4<\/a><\/video><\/div><\/p>\n<\/section>","protected":false},"excerpt":{"rendered":"<p>Beirut Leather Finish Stone, do\u011fal deri benzeri tanecikli bir dokuya ve ince p\u00fcr\u00fczl\u00fc bir y\u00fczeye sahip a\u00e7\u0131k bej-beyaz bir tabana sahiptir. E\u015fsiz mat y\u00fczeyi ve do\u011fal benek desenleri mekanlara rustik ama s\u0131cak bir dekoratif etki verir, villa ve ticari bina cephelerinin yan\u0131 s\u0131ra i\u00e7 duvarlar i\u00e7in idealdir, do\u011fal ve se\u00e7kin bir atmosfer yarat\u0131r.<\/p>","protected":false},"featured_media":2153,"template":"","meta":{"site-sidebar-layout":"default","site-content-layout":"","ast-site-content-layout":"default","site-content-style":"default","site-sidebar-style":"default","ast-global-header-display":"","ast-banner-title-visibility":"","ast-main-header-display":"","ast-hfb-above-header-display":"","ast-hfb-below-header-display":"","ast-hfb-mobile-header-display":"","site-post-title":"","ast-breadcrumbs-content":"","ast-featured-img":"","footer-sml-layout":"","theme-transparent-header-meta":"default","adv-header-id-meta":"","stick-header-meta":"","header-above-stick-meta":"","header-main-stick-meta":"","header-below-stick-meta":"","astra-migrate-meta-layouts":"set","ast-page-background-enabled":"default","ast-page-background-meta":{"desktop":{"background-color":"var(--ast-global-color-4)","background-image":"","background-repeat":"repeat","background-position":"center center","background-size":"auto","background-attachment":"scroll","background-type":"","background-media":"","overlay-type":"","overlay-color":"","overlay-gradient":""},"tablet":{"background-color":"","background-image":"","background-repeat":"repeat","background-position":"center center","background-size":"auto","background-attachment":"scroll","background-type":"","background-media":"","overlay-type":"","overlay-color":"","overlay-gradient":""},"mobile":{"background-color":"","background-image":"","background-repeat":"repeat","background-position":"center center","background-size":"auto","background-attachment":"scroll","background-type":"","background-media":"","overlay-type":"","overlay-color":"","overlay-gradient":""}},"ast-content-background-meta":{"desktop":{"background-color":"var(--ast-global-color-5)","background-image":"","background-repeat":"repeat","background-position":"center center","background-size":"auto","background-attachment":"scroll","background-type":"","background-media":"","overlay-type":"","overlay-color":"","overlay-gradient":""},"tablet":{"background-color":"var(--ast-global-color-5)","background-image":"","background-repeat":"repeat","background-position":"center center","background-size":"auto","background-attachment":"scroll","background-type":"","background-media":"","overlay-type":"","overlay-color":"","overlay-gradient":""},"mobile":{"background-color":"var(--ast-global-color-5)","background-image":"","background-repeat":"repeat","background-position":"center center","background-size":"auto","background-attachment":"scroll","background-type":"","background-media":"","overlay-type":"","overlay-color":"","overlay-gradient":""}}},"product_brand":[],"product_cat":[15,39],"product_tag":[],"class_list":{"0":"post-2148","1":"product","2":"type-product","3":"status-publish","4":"has-post-thumbnail","6":"product_cat-all-types","7":"product_cat-beirut-leather-surface","8":"desktop-align-left","9":"tablet-align-left","10":"mobile-align-left","11":"ast-product-gallery-layout-horizontal-slider","12":"ast-magnify-disabled","13":"ast-product-tabs-layout-horizontal","15":"first","16":"instock","17":"shipping-taxable","18":"product-type-simple"},"_links":{"self":[{"href":"https:\/\/longjiagroup.com\/tr\/wp-json\/wp\/v2\/product\/2148","targetHints":{"allow":["GET"]}}],"collection":[{"href":"https:\/\/longjiagroup.com\/tr\/wp-json\/wp\/v2\/product"}],"about":[{"href":"https:\/\/longjiagroup.com\/tr\/wp-json\/wp\/v2\/types\/product"}],"version-history":[{"count":3,"href":"https:\/\/longjiagroup.com\/tr\/wp-json\/wp\/v2\/product\/2148\/revisions"}],"predecessor-version":[{"id":2388,"href":"https:\/\/longjiagroup.com\/tr\/wp-json\/wp\/v2\/product\/2148\/revisions\/2388"}],"wp:featuredmedia":[{"embeddable":true,"href":"https:\/\/longjiagroup.com\/tr\/wp-json\/wp\/v2\/media\/2153"}],"wp:attachment":[{"href":"https:\/\/longjiagroup.com\/tr\/wp-json\/wp\/v2\/media?parent=2148"}],"wp:term":[{"taxonomy":"product_brand","embeddable":true,"href":"https:\/\/longjiagroup.com\/tr\/wp-json\/wp\/v2\/product_brand?post=2148"},{"taxonomy":"product_cat","embeddable":true,"href":"https:\/\/longjiagroup.com\/tr\/wp-json\/wp\/v2\/product_cat?post=2148"},{"taxonomy":"product_tag","embeddable":true,"href":"https:\/\/longjiagroup.com\/tr\/wp-json\/wp\/v2\/product_tag?post=2148"}],"curies":[{"name":"wp","href":"https:\/\/api.w.org\/{rel}","templated":true}]}}