{"id":2286,"date":"2025-12-25T03:12:05","date_gmt":"2025-12-25T03:12:05","guid":{"rendered":"https:\/\/luxuryfactory.top\/?post_type=product&#038;p=2286"},"modified":"2025-12-27T03:03:12","modified_gmt":"2025-12-27T03:03:12","slug":"modern-mi%cc%87mari%cc%87-dekorasyonda-terci%cc%87h-edi%cc%87len-bulutlu-gri%cc%87-mermer","status":"publish","type":"product","link":"https:\/\/longjiagroup.com\/tr\/urun\/modern-mi%cc%87mari%cc%87-dekorasyonda-terci%cc%87h-edi%cc%87len-bulutlu-gri%cc%87-mermer\/","title":{"rendered":"Bulutlu Gri Mermer | Modern Mimari Dekorasyon i\u00e7in Tercih Edilen Se\u00e7im"},"content":{"rendered":"<p data-start=\"573\" data-end=\"899\">Bulutlu Gri Mermer, birinci s\u0131n\u0131f do\u011fal ta\u015flardan \u00f6zenle se\u00e7ilmi\u015f ve \u00fcst\u00fcn kalite elde etmek i\u00e7in ustal\u0131kla i\u015flenmi\u015ftir. Narin, ak\u0131c\u0131 do\u011fal damarlarla tamamlanan zarif bir gri arka plana sahiptir. A\u00e7\u0131k ve koyu gri damar katmanlar\u0131 kusursuz bir \u015fekilde harmanlanarak rafine, modern ve sofistike bir g\u00f6rsel etki yarat\u0131r.<\/p>\n<p data-start=\"901\" data-end=\"1095\">Her bir plaka, her par\u00e7aya benzersiz bir kimlik kazand\u0131ran, mimari alanlarda derinli\u011fi, dokuyu ve sanatsal \u00e7ekicili\u011fi art\u0131ran ay\u0131rt edici damar desenleriyle do\u011fal \u00f6zelliklerini korur.<\/p>\n<h3 data-start=\"1097\" data-end=\"1119\">\u00dcr\u00fcn \u00d6zellikleri<\/h3>\n<ul data-start=\"1120\" data-end=\"1696\">\n<li data-start=\"1120\" data-end=\"1229\">\n<p data-start=\"1122\" data-end=\"1229\"><strong data-start=\"1122\" data-end=\"1144\">Zarif Renk Tonu<\/strong>: Uzun s\u00fcreli g\u00f6rsel \u00e7ekicili\u011fi koruyan sabit renklendirmeye sahip dayan\u0131kl\u0131 gri taban<\/p>\n<\/li>\n<li data-start=\"1230\" data-end=\"1333\">\n<p data-start=\"1232\" data-end=\"1333\"><strong data-start=\"1232\" data-end=\"1251\">Do\u011fal Damarlanma<\/strong>: Her levhada \u00fcst\u00fcn kaliteyi yans\u0131tan benzersiz ve p\u00fcr\u00fczs\u00fczce akan desenler<\/p>\n<\/li>\n<li data-start=\"1334\" data-end=\"1456\">\n<p data-start=\"1336\" data-end=\"1456\"><strong data-start=\"1336\" data-end=\"1360\">Ola\u011fan\u00fcst\u00fc Sertlik<\/strong>: Y\u00fcksek bas\u0131n\u00e7 dayan\u0131m\u0131 ve m\u00fckemmel a\u015f\u0131nma direnci, yo\u011fun trafikli alanlar i\u00e7in uygundur<\/p>\n<\/li>\n<li data-start=\"1457\" data-end=\"1577\">\n<p data-start=\"1459\" data-end=\"1577\"><strong data-start=\"1459\" data-end=\"1484\">M\u00fckemmel \u0130\u015flenebilirlik<\/strong>: Kolay kesilebilir, oyulabilir ve cilalanabilir, farkl\u0131 tasar\u0131m ve imalat gereksinimlerine uygundur<\/p>\n<\/li>\n<li data-start=\"1578\" data-end=\"1696\">\n<p data-start=\"1580\" data-end=\"1696\"><strong data-start=\"1580\" data-end=\"1607\">G\u00fc\u00e7l\u00fc Leke Direnci<\/strong>: D\u00fc\u015f\u00fck su emme \u00f6zelli\u011fine sahip yo\u011fun y\u00fczey, g\u00fcnl\u00fck temizlik ve bak\u0131m\u0131 kolayla\u015ft\u0131r\u0131r<\/p>\n<\/li>\n<\/ul>\n<h3 data-start=\"1698\" data-end=\"1721\">Ana Uygulamalar<\/h3>\n<ul data-start=\"1722\" data-end=\"2231\">\n<li data-start=\"1722\" data-end=\"1862\">\n<p data-start=\"1724\" data-end=\"1862\"><strong data-start=\"1724\" data-end=\"1744\">Bina Cepheleri<\/strong>: B\u00fcy\u00fck \u00f6l\u00e7ekli enstalasyonlar, modern ve minimalist bir tarz\u0131 ifade eden gri tonlarla mimari varl\u0131\u011f\u0131 g\u00fc\u00e7lendiriyor<\/p>\n<\/li>\n<li data-start=\"1863\" data-end=\"1975\">\n<p data-start=\"1865\" data-end=\"1975\"><strong data-start=\"1865\" data-end=\"1891\">\u0130\u00e7 Cephe Kaplamalar\u0131<\/strong>: \u00d6zel duvarlar ve s\u00fctunlar zarif ve \u00e7a\u011fda\u015f bir i\u00e7 mekan atmosferi yarat\u0131yor<\/p>\n<\/li>\n<li data-start=\"1976\" data-end=\"2087\">\n<p data-start=\"1978\" data-end=\"2087\"><strong data-start=\"1978\" data-end=\"2003\">D\u00f6\u015feme Uygulamalar\u0131<\/strong>: Otel lobileri ve ticari alanlar i\u00e7in idealdir, genel mekansal kaliteyi y\u00fckseltir<\/p>\n<\/li>\n<li data-start=\"2088\" data-end=\"2231\">\n<p data-start=\"2090\" data-end=\"2231\"><strong data-start=\"2090\" data-end=\"2125\">Tezgahlar ve Dikey Y\u00fczeyler<\/strong>: Rafine kenar detaylar\u0131na ve birinci s\u0131n\u0131f kaplamaya sahip resepsiyon masalar\u0131, bar tezgahlar\u0131, makyaj tezgahlar\u0131 ve daha fazlas\u0131<\/p>\n<\/li>\n<\/ul>\n<p data-start=\"2233\" data-end=\"2505\">Bulutlu Gri Mermer, do\u011fal g\u00fczelli\u011fi modern tasar\u0131mla m\u00fckemmel bir \u015fekilde birle\u015ftirir. \u0130ster modern minimalist, ister end\u00fcstriyel veya hafif l\u00fcks i\u00e7 mekanlarda kullan\u0131ls\u0131n, mimari ve dekoratif projeler i\u00e7in y\u00fcksek kaliteli ve g\u00fcvenilir bir \u00e7\u00f6z\u00fcm sunarak her alana sorunsuz bir \u015fekilde entegre olur.<\/p>\n<div style=\"width: 720px;\" class=\"wp-video\"><video class=\"wp-video-shortcode\" id=\"video-2286-1\" width=\"720\" height=\"1280\" preload=\"metadata\" controls=\"controls\"><source type=\"video\/mp4\" src=\"https:\/\/longjiagroup.com\/wp-content\/uploads\/2025\/12\/yunduo.mp4?_=1\" \/><a href=\"https:\/\/longjiagroup.com\/wp-content\/uploads\/2025\/12\/yunduo.mp4\">https:\/\/longjiagroup.com\/wp-content\/uploads\/2025\/12\/yunduo.mp4<\/a><\/video><\/div>","protected":false},"excerpt":{"rendered":"<p>Bulutlu Gri Mermer, zarif gri taban\u0131 ve p\u00fcr\u00fczs\u00fcz, do\u011fal damarlar\u0131 ile ay\u0131rt edilir. M\u00fckemmel sertlik ve a\u015f\u0131nma direnci ile bina cepheleri, i\u00e7 duvar kaplamalar\u0131, zemin kaplamalar\u0131 ve \u00e7e\u015fitli mimari uygulamalar i\u00e7in yayg\u0131n olarak kullan\u0131l\u0131r ve modern mekanlara zarif ve \u00e7a\u011fda\u015f bir estetik katar.<\/p>","protected":false},"featured_media":2499,"template":"","meta":{"site-sidebar-layout":"default","site-content-layout":"","ast-site-content-layout":"default","site-content-style":"default","site-sidebar-style":"default","ast-global-header-display":"","ast-banner-title-visibility":"","ast-main-header-display":"","ast-hfb-above-header-display":"","ast-hfb-below-header-display":"","ast-hfb-mobile-header-display":"","site-post-title":"","ast-breadcrumbs-content":"","ast-featured-img":"","footer-sml-layout":"","theme-transparent-header-meta":"default","adv-header-id-meta":"","stick-header-meta":"","header-above-stick-meta":"","header-main-stick-meta":"","header-below-stick-meta":"","astra-migrate-meta-layouts":"set","ast-page-background-enabled":"default","ast-page-background-meta":{"desktop":{"background-color":"var(--ast-global-color-4)","background-image":"","background-repeat":"repeat","background-position":"center center","background-size":"auto","background-attachment":"scroll","background-type":"","background-media":"","overlay-type":"","overlay-color":"","overlay-gradient":""},"tablet":{"background-color":"","background-image":"","background-repeat":"repeat","background-position":"center center","background-size":"auto","background-attachment":"scroll","background-type":"","background-media":"","overlay-type":"","overlay-color":"","overlay-gradient":""},"mobile":{"background-color":"","background-image":"","background-repeat":"repeat","background-position":"center center","background-size":"auto","background-attachment":"scroll","background-type":"","background-media":"","overlay-type":"","overlay-color":"","overlay-gradient":""}},"ast-content-background-meta":{"desktop":{"background-color":"var(--ast-global-color-5)","background-image":"","background-repeat":"repeat","background-position":"center center","background-size":"auto","background-attachment":"scroll","background-type":"","background-media":"","overlay-type":"","overlay-color":"","overlay-gradient":""},"tablet":{"background-color":"var(--ast-global-color-5)","background-image":"","background-repeat":"repeat","background-position":"center center","background-size":"auto","background-attachment":"scroll","background-type":"","background-media":"","overlay-type":"","overlay-color":"","overlay-gradient":""},"mobile":{"background-color":"var(--ast-global-color-5)","background-image":"","background-repeat":"repeat","background-position":"center center","background-size":"auto","background-attachment":"scroll","background-type":"","background-media":"","overlay-type":"","overlay-color":"","overlay-gradient":""}}},"product_brand":[],"product_cat":[15,42],"product_tag":[],"class_list":{"0":"post-2286","1":"product","2":"type-product","3":"status-publish","4":"has-post-thumbnail","6":"product_cat-all-types","7":"product_cat-cloudy-grey","8":"desktop-align-left","9":"tablet-align-left","10":"mobile-align-left","11":"ast-product-gallery-layout-horizontal-slider","12":"ast-magnify-disabled","13":"ast-product-tabs-layout-horizontal","15":"first","16":"instock","17":"shipping-taxable","18":"product-type-simple"},"_links":{"self":[{"href":"https:\/\/longjiagroup.com\/tr\/wp-json\/wp\/v2\/product\/2286","targetHints":{"allow":["GET"]}}],"collection":[{"href":"https:\/\/longjiagroup.com\/tr\/wp-json\/wp\/v2\/product"}],"about":[{"href":"https:\/\/longjiagroup.com\/tr\/wp-json\/wp\/v2\/types\/product"}],"version-history":[{"count":5,"href":"https:\/\/longjiagroup.com\/tr\/wp-json\/wp\/v2\/product\/2286\/revisions"}],"predecessor-version":[{"id":2295,"href":"https:\/\/longjiagroup.com\/tr\/wp-json\/wp\/v2\/product\/2286\/revisions\/2295"}],"wp:featuredmedia":[{"embeddable":true,"href":"https:\/\/longjiagroup.com\/tr\/wp-json\/wp\/v2\/media\/2499"}],"wp:attachment":[{"href":"https:\/\/longjiagroup.com\/tr\/wp-json\/wp\/v2\/media?parent=2286"}],"wp:term":[{"taxonomy":"product_brand","embeddable":true,"href":"https:\/\/longjiagroup.com\/tr\/wp-json\/wp\/v2\/product_brand?post=2286"},{"taxonomy":"product_cat","embeddable":true,"href":"https:\/\/longjiagroup.com\/tr\/wp-json\/wp\/v2\/product_cat?post=2286"},{"taxonomy":"product_tag","embeddable":true,"href":"https:\/\/longjiagroup.com\/tr\/wp-json\/wp\/v2\/product_tag?post=2286"}],"curies":[{"name":"wp","href":"https:\/\/api.w.org\/{rel}","templated":true}]}}